{"id":1393,"date":"2023-04-25T17:32:11","date_gmt":"2023-04-25T15:32:11","guid":{"rendered":"https:\/\/www.labaldufateatre.com\/fr\/?page_id=1393"},"modified":"2026-02-13T14:35:54","modified_gmt":"2026-02-13T13:35:54","slug":"accessibilite","status":"publish","type":"page","link":"https:\/\/www.labaldufateatre.com\/fr\/accessibilite\/","title":{"rendered":"Accessibilit\u00e9"},"content":{"rendered":"<p data-start=\"0\" data-end=\"212\">La Baldufa est une compagnie sensible \u00e0 la diversit\u00e9 et aux diff\u00e9rentes capacit\u00e9s des personnes. Nous souhaitons que le th\u00e9\u00e2tre soit r\u00e9ellement destin\u00e9 \u00e0 tous les publics et qu\u2019il puisse accueillir tout le monde.<\/p>\n<p data-start=\"214\" data-end=\"354\">Nous sommes conscients qu\u2019il nous reste encore beaucoup de chemin \u00e0 parcourir, mais nous avons la volont\u00e9 d\u2019avancer dans la bonne direction.<\/p>\n<p data-start=\"356\" data-end=\"596\">Vous pouvez t\u00e9l\u00e9charger ci-dessous un PDF contenant des informations sur les mesures que nous appliquons, tant dans nos spectacles que dans les festivals que nous organisons, ainsi que dans notre activit\u00e9 quotidienne en tant que compagnie :<\/p>\n<p data-start=\"0\" data-end=\"195\"><a href=\"https:\/\/www.labaldufateatre.com\/doc\/Dossier_accesibilidad_web.pdf\" target=\"_blank\" rel=\"noopener\">T\u00e9lecharger le PDF (en espagnol)<\/a><\/p>\n<p data-start=\"0\" data-end=\"195\">\n","protected":false},"excerpt":{"rendered":"<p>La Baldufa est une compagnie sensible \u00e0 la diversit\u00e9 et aux diff\u00e9rentes capacit\u00e9s des personnes. Nous souhaitons que le th\u00e9\u00e2tre...<\/p>\n","protected":false},"author":1,"featured_media":0,"parent":0,"menu_order":0,"comment_status":"closed","ping_status":"closed","template":"","meta":{"_acf_changed":false,"inline_featured_image":false,"footnotes":""},"class_list":["post-1393","page","type-page","status-publish","hentry"],"acf":[],"yoast_head":"<!-- This site is optimized with the Yoast SEO plugin v27.5 - https:\/\/yoast.com\/product\/yoast-seo-wordpress\/ -->\n<title>Accessibilit\u00e9 - La Baldufa Teatre<\/title>\n<meta name=\"robots\" content=\"index, follow, max-snippet:-1, max-image-preview:large, max-video-preview:-1\" \/>\n<link rel=\"canonical\" href=\"https:\/\/www.labaldufateatre.com\/fr\/accessibilite\/\" \/>\n<meta property=\"og:locale\" content=\"fr_FR\" \/>\n<meta property=\"og:type\" content=\"article\" \/>\n<meta property=\"og:title\" content=\"Accessibilit\u00e9 - La Baldufa Teatre\" \/>\n<meta property=\"og:description\" content=\"La Baldufa est une compagnie sensible \u00e0 la diversit\u00e9 et aux diff\u00e9rentes capacit\u00e9s des personnes. Nous souhaitons que le th\u00e9\u00e2tre...\" \/>\n<meta property=\"og:url\" content=\"https:\/\/www.labaldufateatre.com\/fr\/accessibilite\/\" \/>\n<meta property=\"og:site_name\" content=\"La Baldufa Teatre\" \/>\n<meta property=\"article:publisher\" content=\"http:\/\/www.facebook.com\/pages\/Companyia-de-Comediants-La-Baldufa\/94606450908\" \/>\n<meta property=\"article:modified_time\" content=\"2026-02-13T13:35:54+00:00\" \/>\n<meta name=\"twitter:card\" content=\"summary_large_image\" \/>\n<meta name=\"twitter:site\" content=\"@BaldufaTeatre\" \/>\n<meta name=\"twitter:label1\" content=\"Dur\u00e9e de lecture estim\u00e9e\" \/>\n\t<meta name=\"twitter:data1\" content=\"1 minute\" \/>\n<script type=\"application\/ld+json\" class=\"yoast-schema-graph\">{\"@context\":\"https:\\\/\\\/schema.org\",\"@graph\":[{\"@type\":\"WebPage\",\"@id\":\"https:\\\/\\\/www.labaldufateatre.com\\\/fr\\\/accessibilite\\\/\",\"url\":\"https:\\\/\\\/www.labaldufateatre.com\\\/fr\\\/accessibilite\\\/\",\"name\":\"Accessibilit\u00e9 - La Baldufa Teatre\",\"isPartOf\":{\"@id\":\"https:\\\/\\\/www.labaldufateatre.com\\\/fr\\\/#website\"},\"datePublished\":\"2023-04-25T15:32:11+00:00\",\"dateModified\":\"2026-02-13T13:35:54+00:00\",\"breadcrumb\":{\"@id\":\"https:\\\/\\\/www.labaldufateatre.com\\\/fr\\\/accessibilite\\\/#breadcrumb\"},\"inLanguage\":\"fr-FR\",\"potentialAction\":[{\"@type\":\"ReadAction\",\"target\":[\"https:\\\/\\\/www.labaldufateatre.com\\\/fr\\\/accessibilite\\\/\"]}]},{\"@type\":\"BreadcrumbList\",\"@id\":\"https:\\\/\\\/www.labaldufateatre.com\\\/fr\\\/accessibilite\\\/#breadcrumb\",\"itemListElement\":[{\"@type\":\"ListItem\",\"position\":1,\"name\":\"Portada\",\"item\":\"https:\\\/\\\/www.labaldufateatre.com\\\/fr\\\/\"},{\"@type\":\"ListItem\",\"position\":2,\"name\":\"Accessibilit\u00e9\"}]},{\"@type\":\"WebSite\",\"@id\":\"https:\\\/\\\/www.labaldufateatre.com\\\/fr\\\/#website\",\"url\":\"https:\\\/\\\/www.labaldufateatre.com\\\/fr\\\/\",\"name\":\"La Baldufa Teatre\",\"description\":\"Companyia de Comediants\",\"potentialAction\":[{\"@type\":\"SearchAction\",\"target\":{\"@type\":\"EntryPoint\",\"urlTemplate\":\"https:\\\/\\\/www.labaldufateatre.com\\\/fr\\\/?s={search_term_string}\"},\"query-input\":{\"@type\":\"PropertyValueSpecification\",\"valueRequired\":true,\"valueName\":\"search_term_string\"}}],\"inLanguage\":\"fr-FR\"}]}<\/script>\n<!-- \/ Yoast SEO plugin. -->","yoast_head_json":{"title":"Accessibilit\u00e9 - La Baldufa Teatre","robots":{"index":"index","follow":"follow","max-snippet":"max-snippet:-1","max-image-preview":"max-image-preview:large","max-video-preview":"max-video-preview:-1"},"canonical":"https:\/\/www.labaldufateatre.com\/fr\/accessibilite\/","og_locale":"fr_FR","og_type":"article","og_title":"Accessibilit\u00e9 - La Baldufa Teatre","og_description":"La Baldufa est une compagnie sensible \u00e0 la diversit\u00e9 et aux diff\u00e9rentes capacit\u00e9s des personnes. Nous souhaitons que le th\u00e9\u00e2tre...","og_url":"https:\/\/www.labaldufateatre.com\/fr\/accessibilite\/","og_site_name":"La Baldufa Teatre","article_publisher":"http:\/\/www.facebook.com\/pages\/Companyia-de-Comediants-La-Baldufa\/94606450908","article_modified_time":"2026-02-13T13:35:54+00:00","twitter_card":"summary_large_image","twitter_site":"@BaldufaTeatre","twitter_misc":{"Dur\u00e9e de lecture estim\u00e9e":"1 minute"},"schema":{"@context":"https:\/\/schema.org","@graph":[{"@type":"WebPage","@id":"https:\/\/www.labaldufateatre.com\/fr\/accessibilite\/","url":"https:\/\/www.labaldufateatre.com\/fr\/accessibilite\/","name":"Accessibilit\u00e9 - La Baldufa Teatre","isPartOf":{"@id":"https:\/\/www.labaldufateatre.com\/fr\/#website"},"datePublished":"2023-04-25T15:32:11+00:00","dateModified":"2026-02-13T13:35:54+00:00","breadcrumb":{"@id":"https:\/\/www.labaldufateatre.com\/fr\/accessibilite\/#breadcrumb"},"inLanguage":"fr-FR","potentialAction":[{"@type":"ReadAction","target":["https:\/\/www.labaldufateatre.com\/fr\/accessibilite\/"]}]},{"@type":"BreadcrumbList","@id":"https:\/\/www.labaldufateatre.com\/fr\/accessibilite\/#breadcrumb","itemListElement":[{"@type":"ListItem","position":1,"name":"Portada","item":"https:\/\/www.labaldufateatre.com\/fr\/"},{"@type":"ListItem","position":2,"name":"Accessibilit\u00e9"}]},{"@type":"WebSite","@id":"https:\/\/www.labaldufateatre.com\/fr\/#website","url":"https:\/\/www.labaldufateatre.com\/fr\/","name":"La Baldufa Teatre","description":"Companyia de Comediants","potentialAction":[{"@type":"SearchAction","target":{"@type":"EntryPoint","urlTemplate":"https:\/\/www.labaldufateatre.com\/fr\/?s={search_term_string}"},"query-input":{"@type":"PropertyValueSpecification","valueRequired":true,"valueName":"search_term_string"}}],"inLanguage":"fr-FR"}]}},"_links":{"self":[{"href":"https:\/\/www.labaldufateatre.com\/fr\/wp-json\/wp\/v2\/pages\/1393","targetHints":{"allow":["GET"]}}],"collection":[{"href":"https:\/\/www.labaldufateatre.com\/fr\/wp-json\/wp\/v2\/pages"}],"about":[{"href":"https:\/\/www.labaldufateatre.com\/fr\/wp-json\/wp\/v2\/types\/page"}],"author":[{"embeddable":true,"href":"https:\/\/www.labaldufateatre.com\/fr\/wp-json\/wp\/v2\/users\/1"}],"replies":[{"embeddable":true,"href":"https:\/\/www.labaldufateatre.com\/fr\/wp-json\/wp\/v2\/comments?post=1393"}],"version-history":[{"count":5,"href":"https:\/\/www.labaldufateatre.com\/fr\/wp-json\/wp\/v2\/pages\/1393\/revisions"}],"predecessor-version":[{"id":1666,"href":"https:\/\/www.labaldufateatre.com\/fr\/wp-json\/wp\/v2\/pages\/1393\/revisions\/1666"}],"wp:attachment":[{"href":"https:\/\/www.labaldufateatre.com\/fr\/wp-json\/wp\/v2\/media?parent=1393"}],"curies":[{"name":"wp","href":"https:\/\/api.w.org\/{rel}","templated":true}]}}