{"id":37,"date":"2018-10-26T21:31:49","date_gmt":"2018-10-26T19:31:49","guid":{"rendered":"https:\/\/www.labaldufateatre.com\/?page_id=37"},"modified":"2024-09-02T10:01:00","modified_gmt":"2024-09-02T08:01:00","slug":"festival-enre9","status":"publish","type":"page","link":"https:\/\/www.labaldufateatre.com\/fr\/festival-enre9\/","title":{"rendered":"Festival Enre9"},"content":{"rendered":"<p><em><strong><span style=\"color: #ff9900;\">\u00c9dition 2025 \u00b7 15-18 mai. R\u00c9SERVEZ LES DATES !<\/span><\/strong><\/em><\/p>\n<p><span style=\"color: #ff6600;\"><strong>Arts vivants professionnels \u00b7 Performances communautaires \u00b7 Culture populaire et traditionnelle \u00b7 Espaces et spectacles inclusifs<br \/>\n<\/strong><\/span><\/p>\n<p>Fruit de notre pr\u00e9occupation sociale, nous menons depuis des ann\u00e9es de petites actions sociales et culturelles dans le quartier o\u00f9 se trouve notre lieu, une zone avec un haut taux de s\u00e9gr\u00e9gation, des personnes migrantes, de la pauvret\u00e9 et de l'exclusion sociale. Depuis 2022, nous coordonnons le Festival des Arts Vivants Enre9, avec l'objectif de dynamiser et d'autonomiser la zone et ses habitants.<\/p>\n<p><img loading=\"lazy\" decoding=\"async\" class=\"size-medium wp-image-2133 alignleft\" src=\"https:\/\/www.labaldufateatre.com\/wp-content\/uploads\/zeppelin-2-300x200.jpg\" alt=\"\" width=\"300\" height=\"200\" \/>L'Enre9 est un festival annuel d'arts vivants et de rue. Le festival na\u00eet du travail r\u00e9alis\u00e9 par les diff\u00e9rentes r\u00e9seaux communautaires de la Zona9 (les quartiers de La Mariola, Tur\u00f3 de Gardeny et Blocs Joan Carles), avec pour but de promouvoir la coh\u00e9sion sociale, de cr\u00e9er des liens et de d\u00e9velopper des projets stimulants. Il s'agit donc d'un projet culturel et social qui \u00e9mane du travail effectu\u00e9 par les m\u00eames r\u00e9seaux communautaires de la zone et qui b\u00e9n\u00e9ficie \u00e9galement de l'engagement ferme et de la collaboration de son tissu associatif et voisin.<\/p>\n<p>Toute la programmation du festival est gratuite et combine des spectacles professionnels avec des spectacles communautaires (issus d'un travail pr\u00e9alable avec des groupes locaux) et des spectacles populaires et traditionnels venant de diverses r\u00e9gions. Il y a \u00e9galement des programmations et des espaces inclusifs, ainsi que diverses actions et activit\u00e9s parall\u00e8les, tant pendant les jours du festival que dans les mois pr\u00e9c\u00e9dents.<\/p>\n<p>Nous vous souhaitons la bienvenue et vous invitons \u00e0 d\u00e9couvrir la Zona 9, son \u00e9nergie et ses habitants ! Que commence l'Enre9 !<\/p>\n<div id=\"enre9\" style=\"text-align: center;\"><a href=\"https:\/\/festivalenre9.com\/\" target=\"_blank\" rel=\"noopener noreferrer\">www.festivalenre9.com<\/a><\/div>\n","protected":false},"excerpt":{"rendered":"<p>\u00c9dition 2025 \u00b7 15-18 mai. R\u00c9SERVEZ LES DATES ! Arts vivants professionnels \u00b7 Performances communautaires \u00b7 Culture populaire et traditionnelle...<\/p>\n","protected":false},"author":1,"featured_media":0,"parent":0,"menu_order":0,"comment_status":"closed","ping_status":"closed","template":"","meta":{"_acf_changed":false,"inline_featured_image":false,"footnotes":""},"class_list":["post-37","page","type-page","status-publish","hentry"],"acf":[],"yoast_head":"<!-- This site is optimized with the Yoast SEO plugin v27.4 - https:\/\/yoast.com\/product\/yoast-seo-wordpress\/ -->\n<title>Festival Enre9 - La Baldufa Teatre<\/title>\n<meta name=\"robots\" content=\"index, follow, max-snippet:-1, max-image-preview:large, max-video-preview:-1\" \/>\n<link rel=\"canonical\" href=\"https:\/\/www.labaldufateatre.com\/fr\/festival-enre9\/\" \/>\n<meta property=\"og:locale\" content=\"fr_FR\" \/>\n<meta property=\"og:type\" content=\"article\" \/>\n<meta property=\"og:title\" content=\"Festival Enre9 - La Baldufa Teatre\" \/>\n<meta property=\"og:description\" content=\"\u00c9dition 2025 \u00b7 15-18 mai. R\u00c9SERVEZ LES DATES ! Arts vivants professionnels \u00b7 Performances communautaires \u00b7 Culture populaire et traditionnelle...\" \/>\n<meta property=\"og:url\" content=\"https:\/\/www.labaldufateatre.com\/fr\/festival-enre9\/\" \/>\n<meta property=\"og:site_name\" content=\"La Baldufa Teatre\" \/>\n<meta property=\"article:publisher\" content=\"http:\/\/www.facebook.com\/pages\/Companyia-de-Comediants-La-Baldufa\/94606450908\" \/>\n<meta property=\"article:modified_time\" content=\"2024-09-02T08:01:00+00:00\" \/>\n<meta property=\"og:image\" content=\"https:\/\/www.labaldufateatre.com\/wp-content\/uploads\/zeppelin-2-300x200.jpg\" \/>\n<meta name=\"twitter:card\" content=\"summary_large_image\" \/>\n<meta name=\"twitter:site\" content=\"@BaldufaTeatre\" \/>\n<meta name=\"twitter:label1\" content=\"Dur\u00e9e de lecture estim\u00e9e\" \/>\n\t<meta name=\"twitter:data1\" content=\"4 minutes\" \/>\n<script type=\"application\/ld+json\" class=\"yoast-schema-graph\">{\"@context\":\"https:\\\/\\\/schema.org\",\"@graph\":[{\"@type\":\"WebPage\",\"@id\":\"https:\\\/\\\/www.labaldufateatre.com\\\/fr\\\/festival-enre9\\\/\",\"url\":\"https:\\\/\\\/www.labaldufateatre.com\\\/fr\\\/festival-enre9\\\/\",\"name\":\"Festival Enre9 - La Baldufa Teatre\",\"isPartOf\":{\"@id\":\"https:\\\/\\\/www.labaldufateatre.com\\\/fr\\\/#website\"},\"primaryImageOfPage\":{\"@id\":\"https:\\\/\\\/www.labaldufateatre.com\\\/fr\\\/festival-enre9\\\/#primaryimage\"},\"image\":{\"@id\":\"https:\\\/\\\/www.labaldufateatre.com\\\/fr\\\/festival-enre9\\\/#primaryimage\"},\"thumbnailUrl\":\"https:\\\/\\\/www.labaldufateatre.com\\\/wp-content\\\/uploads\\\/zeppelin-2-300x200.jpg\",\"datePublished\":\"2018-10-26T19:31:49+00:00\",\"dateModified\":\"2024-09-02T08:01:00+00:00\",\"breadcrumb\":{\"@id\":\"https:\\\/\\\/www.labaldufateatre.com\\\/fr\\\/festival-enre9\\\/#breadcrumb\"},\"inLanguage\":\"fr-FR\",\"potentialAction\":[{\"@type\":\"ReadAction\",\"target\":[\"https:\\\/\\\/www.labaldufateatre.com\\\/fr\\\/festival-enre9\\\/\"]}]},{\"@type\":\"ImageObject\",\"inLanguage\":\"fr-FR\",\"@id\":\"https:\\\/\\\/www.labaldufateatre.com\\\/fr\\\/festival-enre9\\\/#primaryimage\",\"url\":\"https:\\\/\\\/www.labaldufateatre.com\\\/wp-content\\\/uploads\\\/zeppelin-2-300x200.jpg\",\"contentUrl\":\"https:\\\/\\\/www.labaldufateatre.com\\\/wp-content\\\/uploads\\\/zeppelin-2-300x200.jpg\"},{\"@type\":\"BreadcrumbList\",\"@id\":\"https:\\\/\\\/www.labaldufateatre.com\\\/fr\\\/festival-enre9\\\/#breadcrumb\",\"itemListElement\":[{\"@type\":\"ListItem\",\"position\":1,\"name\":\"Portada\",\"item\":\"https:\\\/\\\/www.labaldufateatre.com\\\/fr\\\/\"},{\"@type\":\"ListItem\",\"position\":2,\"name\":\"Festival Enre9\"}]},{\"@type\":\"WebSite\",\"@id\":\"https:\\\/\\\/www.labaldufateatre.com\\\/fr\\\/#website\",\"url\":\"https:\\\/\\\/www.labaldufateatre.com\\\/fr\\\/\",\"name\":\"La Baldufa Teatre\",\"description\":\"Companyia de Comediants\",\"potentialAction\":[{\"@type\":\"SearchAction\",\"target\":{\"@type\":\"EntryPoint\",\"urlTemplate\":\"https:\\\/\\\/www.labaldufateatre.com\\\/fr\\\/?s={search_term_string}\"},\"query-input\":{\"@type\":\"PropertyValueSpecification\",\"valueRequired\":true,\"valueName\":\"search_term_string\"}}],\"inLanguage\":\"fr-FR\"}]}<\/script>\n<!-- \/ Yoast SEO plugin. -->","yoast_head_json":{"title":"Festival Enre9 - La Baldufa Teatre","robots":{"index":"index","follow":"follow","max-snippet":"max-snippet:-1","max-image-preview":"max-image-preview:large","max-video-preview":"max-video-preview:-1"},"canonical":"https:\/\/www.labaldufateatre.com\/fr\/festival-enre9\/","og_locale":"fr_FR","og_type":"article","og_title":"Festival Enre9 - La Baldufa Teatre","og_description":"\u00c9dition 2025 \u00b7 15-18 mai. R\u00c9SERVEZ LES DATES ! Arts vivants professionnels \u00b7 Performances communautaires \u00b7 Culture populaire et traditionnelle...","og_url":"https:\/\/www.labaldufateatre.com\/fr\/festival-enre9\/","og_site_name":"La Baldufa Teatre","article_publisher":"http:\/\/www.facebook.com\/pages\/Companyia-de-Comediants-La-Baldufa\/94606450908","article_modified_time":"2024-09-02T08:01:00+00:00","og_image":[{"url":"https:\/\/www.labaldufateatre.com\/wp-content\/uploads\/zeppelin-2-300x200.jpg","type":"","width":"","height":""}],"twitter_card":"summary_large_image","twitter_site":"@BaldufaTeatre","twitter_misc":{"Dur\u00e9e de lecture estim\u00e9e":"4 minutes"},"schema":{"@context":"https:\/\/schema.org","@graph":[{"@type":"WebPage","@id":"https:\/\/www.labaldufateatre.com\/fr\/festival-enre9\/","url":"https:\/\/www.labaldufateatre.com\/fr\/festival-enre9\/","name":"Festival Enre9 - La Baldufa Teatre","isPartOf":{"@id":"https:\/\/www.labaldufateatre.com\/fr\/#website"},"primaryImageOfPage":{"@id":"https:\/\/www.labaldufateatre.com\/fr\/festival-enre9\/#primaryimage"},"image":{"@id":"https:\/\/www.labaldufateatre.com\/fr\/festival-enre9\/#primaryimage"},"thumbnailUrl":"https:\/\/www.labaldufateatre.com\/wp-content\/uploads\/zeppelin-2-300x200.jpg","datePublished":"2018-10-26T19:31:49+00:00","dateModified":"2024-09-02T08:01:00+00:00","breadcrumb":{"@id":"https:\/\/www.labaldufateatre.com\/fr\/festival-enre9\/#breadcrumb"},"inLanguage":"fr-FR","potentialAction":[{"@type":"ReadAction","target":["https:\/\/www.labaldufateatre.com\/fr\/festival-enre9\/"]}]},{"@type":"ImageObject","inLanguage":"fr-FR","@id":"https:\/\/www.labaldufateatre.com\/fr\/festival-enre9\/#primaryimage","url":"https:\/\/www.labaldufateatre.com\/wp-content\/uploads\/zeppelin-2-300x200.jpg","contentUrl":"https:\/\/www.labaldufateatre.com\/wp-content\/uploads\/zeppelin-2-300x200.jpg"},{"@type":"BreadcrumbList","@id":"https:\/\/www.labaldufateatre.com\/fr\/festival-enre9\/#breadcrumb","itemListElement":[{"@type":"ListItem","position":1,"name":"Portada","item":"https:\/\/www.labaldufateatre.com\/fr\/"},{"@type":"ListItem","position":2,"name":"Festival Enre9"}]},{"@type":"WebSite","@id":"https:\/\/www.labaldufateatre.com\/fr\/#website","url":"https:\/\/www.labaldufateatre.com\/fr\/","name":"La Baldufa Teatre","description":"Companyia de Comediants","potentialAction":[{"@type":"SearchAction","target":{"@type":"EntryPoint","urlTemplate":"https:\/\/www.labaldufateatre.com\/fr\/?s={search_term_string}"},"query-input":{"@type":"PropertyValueSpecification","valueRequired":true,"valueName":"search_term_string"}}],"inLanguage":"fr-FR"}]}},"_links":{"self":[{"href":"https:\/\/www.labaldufateatre.com\/fr\/wp-json\/wp\/v2\/pages\/37","targetHints":{"allow":["GET"]}}],"collection":[{"href":"https:\/\/www.labaldufateatre.com\/fr\/wp-json\/wp\/v2\/pages"}],"about":[{"href":"https:\/\/www.labaldufateatre.com\/fr\/wp-json\/wp\/v2\/types\/page"}],"author":[{"embeddable":true,"href":"https:\/\/www.labaldufateatre.com\/fr\/wp-json\/wp\/v2\/users\/1"}],"replies":[{"embeddable":true,"href":"https:\/\/www.labaldufateatre.com\/fr\/wp-json\/wp\/v2\/comments?post=37"}],"version-history":[{"count":22,"href":"https:\/\/www.labaldufateatre.com\/fr\/wp-json\/wp\/v2\/pages\/37\/revisions"}],"predecessor-version":[{"id":1558,"href":"https:\/\/www.labaldufateatre.com\/fr\/wp-json\/wp\/v2\/pages\/37\/revisions\/1558"}],"wp:attachment":[{"href":"https:\/\/www.labaldufateatre.com\/fr\/wp-json\/wp\/v2\/media?parent=37"}],"curies":[{"name":"wp","href":"https:\/\/api.w.org\/{rel}","templated":true}]}}