{"id":498,"date":"2018-11-16T19:35:09","date_gmt":"2018-11-16T18:35:09","guid":{"rendered":"https:\/\/www.labaldufateatre.com\/?page_id=498"},"modified":"2019-02-09T09:16:14","modified_gmt":"2019-02-09T08:16:14","slug":"avis-legal","status":"publish","type":"page","link":"https:\/\/www.labaldufateatre.com\/fr\/avis-legal\/","title":{"rendered":"Avis L\u00e9gal"},"content":{"rendered":"<p><span class=\"s3\"><b>1.Objeto y aceptaci\u00f3n<\/b><\/span><\/p>\n<p class=\"p3\"><span class=\"s1\">El presente aviso legal regula el uso de nuestro sitio web, del que es titular\u00a0<b>COMPANYIA DE COMEDIANTS LA BALDUFA, S.C.C.L.<\/b>\u00a0. La navegaci\u00f3n por el sitio web de\u00a0<b>COMPANYIA DE COMEDIANTS LA BALDUFA, S.C.C.L.<\/b>\u00a0atribuye la condici\u00f3n de usuario del mismo e implica la aceptaci\u00f3n plena y sin reservas de todas y cada una de las disposiciones incluidas en este Aviso Legal, que pueden sufrir modificaciones. Usted se obliga a hacer un uso correcto del sitio web de conformidad con las leyes, la buena fe, el orden p\u00fablico, los usos del tr\u00e1fico y el presente\u00a0<b>Aviso Legal<\/b>. El usted responder\u00e1 frente a\u00a0<b>COMPANYIA DE COMEDIANTS LA BALDUFA, S.C.C.L.<\/b>\u00a0o frente a terceros, de cualesquiera da\u00f1os y perjuicios que pudieran causarle como consecuencia del incumplimiento de dicha obligaci\u00f3n. <\/span><\/p>\n<p>&nbsp;<\/p>\n<p class=\"p3\"><span class=\"s3\"><b>2. Identificaci\u00f3n y comunicaciones<\/b><\/span><\/p>\n<p class=\"p5\"><span class=\"s1\"><b>COMPANYIA DE COMEDIANTS LA BALDUFA, S.C.C.L.<\/b>, en cumplimiento de la Ley 34\/2002, de 11 de julio, de servicios de la sociedad de la informaci\u00f3n y de comercio electr\u00f3nico, le informa de que:<\/span><\/p>\n<ol class=\"ol1\">\n<li style=\"list-style-type: none;\">\n<ul class=\"ul1\">\n<li class=\"li2\"><span class=\"s3\">Su denominaci\u00f3n social es:\u00a0<b>COMPANYIA DE COMEDIANTS LA BALDUFA, S.C.C.L.<\/b><\/span><\/li>\n<li class=\"li2\"><span class=\"s3\">Su CIF es:\u00a0<b>F25415324<\/b><\/span><\/li>\n<li class=\"li2\"><span class=\"s3\">Su domicilio social est\u00e1 en:\u00a0<b>C\/ M\u00daSIC VIVALDI 12 BX - 2500) LLEIDA<\/b><\/span><\/li>\n<\/ul>\n<\/li>\n<\/ol>\n<p class=\"p5\"><span class=\"s1\">Para comunicarse con nosotros, ponemos a su disposici\u00f3n diferentes medios de contacto especificados en la\u00a0<b>pol\u00edtica de privacidad<\/b>.<\/span><\/p>\n<p class=\"p3\"><span class=\"s1\">Todas las notificaciones y comunicaciones que realice con\u00a0<b>COMPANYIA DE COMEDIANTS LA BALDUFA, S.C.C.L.<\/b>\u00a0se considerar\u00e1n eficaces, a todos los efectos, siempre y cuando se realicen por los medios especificados anteriormente.<\/span><\/p>\n<p>&nbsp;<\/p>\n<p><span class=\"s3\"><b>3. Condiciones de acceso y utilizaci\u00f3n<\/b><\/span><\/p>\n<p class=\"p5\"><span class=\"s1\">El sitio web y sus servicios son de acceso libre, no obstante,\u00a0<b>COMPANYIA DE COMEDIANTS LA BALDUFA, S.C.C.L.<\/b>\u00a0condiciona la utilizaci\u00f3n de algunos de los servicios ofrecidos en su web a la previa cumplimentaci\u00f3n del correspondiente formulario.<\/span><\/p>\n<p class=\"p5\"><span class=\"s1\">Usted garantiza la autenticidad y actualidad de todos aquellos datos que comunique a\u00a0<b>COMPANYIA DE COMEDIANTS LA BALDUFA, S.C.C.L.<\/b>\u00a0y ser\u00e1 el \u00fanico responsable de las manifestaciones falsas o inexactas que realice.<\/span><\/p>\n<p class=\"p5\"><span class=\"s1\">Usted se compromete expresamente a hacer un uso adecuado de los contenidos y servicios de EL\u00a0<b>COMPANYIA DE COMEDIANTS LA BALDUFA, S.C.C.L.<\/b>\u00a0y a no emplearlos para, entre otros:<\/span><\/p>\n<ol class=\"ol1\">\n<li style=\"list-style-type: none;\">\n<ul class=\"ul1\">\n<li class=\"li2\"><span class=\"s3\">Difundir contenidos, delictivos, violentos, pornogr\u00e1ficos, racistas, xen\u00f3fobo, ofensivos, de apolog\u00eda del terrorismo o, en general, contrarios a la ley o al orden p\u00fablico.<\/span><\/li>\n<li class=\"li2\"><span class=\"s3\">Introducir en la red virus inform\u00e1ticos o realizar actuaciones susceptibles de alterar, estropear, interrumpir o generar errores o da\u00f1os en los documentos electr\u00f3nicos, datos o sistemas f\u00edsicos y l\u00f3gicos de\u00a0<b>COMPANYIA DE COMEDIANTS LA BALDUFA, S.C.C.L.<\/b>\u00a0o de terceras personas; as\u00ed como obstaculizar el acceso de otros usuarios al sitio web y a sus servicios mediante el consumo masivo de los recursos inform\u00e1ticos a trav\u00e9s de los cuales\u00a0<b>COMPANYIA DE COMEDIANTS LA BALDUFA, S.C.C.L.<\/b>\u00a0presta sus servicios.<\/span><\/li>\n<li class=\"li2\"><span class=\"s3\">Intentar acceder datos de otros personas o a \u00e1reas restringidas de los sistemas inform\u00e1ticos de\u00a0<b>COMPANYIA DE COMEDIANTS LA BALDUFA, S.C.C.L.<\/b>\u00a0o de terceros y, en su caso, extraer informaci\u00f3n.<\/span><\/li>\n<li class=\"li2\"><span class=\"s3\">Vulnerar los derechos de propiedad intelectual o industrial, as\u00ed como violar la confidencialidad de la informaci\u00f3n de\u00a0<b>COMPANYIA DE COMEDIANTS LA BALDUFA, S.C.C.L.<\/b>\u00a0o de terceros.<\/span><\/li>\n<li class=\"li2\"><span class=\"s3\">Suplantar la identidad de otro usuario, de las administraciones p\u00fablicas o de un tercero.<\/span><\/li>\n<li class=\"li2\"><span class=\"s3\">Reproducir, copiar, distribuir, poner a disposici\u00f3n o de cualquier otra forma comunicar p\u00fablicamente, transformar o modificar los contenidos, a menos que se cuente con la autorizaci\u00f3n del titular de los correspondientes derechos o ello resulte legalmente permitido.<\/span><\/li>\n<li class=\"li2\"><span class=\"s3\">Recabar datos con finalidad publicitaria y de remitir publicidad de cualquier clase y comunicaciones con fines de venta u otras de naturaleza comercial sin que medie su previa solicitud o consentimiento.<\/span><\/li>\n<\/ul>\n<\/li>\n<\/ol>\n<p class=\"p5\"><span class=\"s1\">Todos los contenidos del sitio web, como textos, fotograf\u00edas, gr\u00e1ficos, im\u00e1genes, iconos, tecnolog\u00eda, software, as\u00ed como su dise\u00f1o gr\u00e1fico y c\u00f3digos fuente, constituyen una obra cuya propiedad pertenece a\u00a0<b>COMPANYIA DE COMEDIANTS LA BALDUFA, S.C.C.L.<\/b>, sin que puedan entenderse como cedidos ninguno de los derechos de explotaci\u00f3n sobre los mismos m\u00e1s all\u00e1 de lo estrictamente necesario para el correcto uso de la web.<\/span><\/p>\n<p class=\"p5\"><span class=\"s1\">En definitiva, usted que accede a este sitio web, puede visualizar los contenidos y efectuar, en su caso, copias privadas autorizadas siempre que los elementos reproducidos no sean cedidos posteriormente a terceros, ni se instalen a servidores conectados a redes, ni sean objeto de ning\u00fan tipo de explotaci\u00f3n.<\/span><\/p>\n<p class=\"p5\"><span class=\"s1\">Asimismo, todas las marcas, nombres comerciales o signos distintivos de cualquier clase que aparecen en el sitio web son propiedad de\u00a0<b>COMPANYIA DE COMEDIANTS LA BALDUFA, S.C.C.L.<\/b>, sin que pueda entenderse que el uso o acceso al mismo le atribuya derecho alguno sobre los mismos.<\/span><\/p>\n<p class=\"p5\"><span class=\"s1\">La distribuci\u00f3n, modificaci\u00f3n, cesi\u00f3n o comunicaci\u00f3n p\u00fablica de los contenidos y cualquier otro acto que no haya sido expresamente autorizado por el titular de los derechos de explotaci\u00f3n quedan prohibidos.<\/span><\/p>\n<p class=\"p5\"><span class=\"s1\">El establecimiento de un hiperenlace no implica en ning\u00fan caso la existencia de relaciones entre\u00a0<b>COMPANYIA DE COMEDIANTS LA BALDUFA, S.C.C.L.<\/b>\u00a0y el propietario del sitio web en la que se establezca, ni la aceptaci\u00f3n y aprobaci\u00f3n por parte de\u00a0<b>COMPANYIA DE COMEDIANTS LA BALDUFA, S.C.C.L.<\/b>\u00a0de sus contenidos o servicios. Aquellas personas que se propongan establecer un hiperenlace previamente deber\u00e1n solicitar autorizaci\u00f3n por escrito a\u00a0<b>COMPANYIA DE COMEDIANTS LA BALDUFA, S.C.C.L.<\/b> En todo caso, el hiperenlace \u00fanicamente permitir\u00e1 el acceso a la home-page o p\u00e1gina de inicio de nuestro sitio web, asimismo deber\u00e1 abstenerse de realizar manifestaciones o indicaciones falsas, inexactas o incorrectas sobre COMPANYIA DE COMEDIANTS LA BALDUFA, S.C.C.L., o incluir contenidos il\u00edcitos, contrarios a las buenas costumbres y al orden p\u00fablico.<\/span><\/p>\n<p class=\"p3\"><span class=\"s1\"><b>COMPANYIA DE COMEDIANTS LA BALDUFA, S.C.C.L.<\/b>\u00a0no se responsabiliza del uso que cada usuario le d\u00e9 a los materiales puestos a disposici\u00f3n en este sitio web ni de las actuaciones que realice en base a los mismos. <\/span><\/p>\n<p>&nbsp;<\/p>\n<p class=\"p3\"><span class=\"s3\"><b>4. Exclusi\u00f3n de garant\u00edas y de responsabilidad<\/b><\/span><\/p>\n<p class=\"p5\"><span class=\"s1\"><b>COMPANYIA DE COMEDIANTS LA BALDUFA, S.C.C.L.<\/b>\u00a0excluye, hasta donde permite el ordenamiento jur\u00eddico, cualquier responsabilidad por los da\u00f1os y perjuicios de toda naturaleza derivados de:<\/span><\/p>\n<ol class=\"ol1\">\n<li style=\"list-style-type: none;\">\n<ul class=\"ul1\">\n<li class=\"li2\"><span class=\"s3\">La imposibilidad de acceso al sitio web o la falta de veracidad, exactitud, exhaustividad y\/o actualidad de los contenidos, as\u00ed como la existencia de vicios y defectos de toda clase de los contenidos transmitidos, difundidos, almacenados, puestos a disposici\u00f3n a los que se haya accedido a trav\u00e9s del sitio web o de los servicios que se ofrecen.<\/span><\/li>\n<li class=\"li2\"><span class=\"s3\">La presencia de virus o de otros elementos en los contenidos que puedan producir alteraciones en los sistemas inform\u00e1ticos, documentos electr\u00f3nicos o datos de los usuarios.<\/span><\/li>\n<li class=\"li2\"><span class=\"s3\">El incumplimiento de las leyes, la buena fe, el orden p\u00fablico, los usos del tr\u00e1fico y el presente aviso legal como consecuencia del uso incorrecto del sitio web. En particular, y a modo ejemplificativo,\u00a0<b>COMPANYIA DE COMEDIANTS LA BALDUFA, S.C.C.L.<\/b>no se hace responsable de las actuaciones de terceros que vulneren derechos de propiedad intelectual e industrial, secretos empresariales, derechos al honor, a la intimidad personal y familiar y a la propia imagen, as\u00ed como la normativa en materia de competencia desleal y publicidad il\u00edcita.<\/span><\/li>\n<\/ul>\n<\/li>\n<\/ol>\n<p class=\"p3\"><span class=\"s1\">Asimismo,\u00a0<b>COMPANYIA DE COMEDIANTS LA BALDUFA, S.C.C.L.<\/b>\u00a0declina cualquier responsabilidad respecto a la informaci\u00f3n que se halle fuera de esta web y no sea gestionada directamente por nuestro webmaster. La funci\u00f3n de los links que aparecen en esta web es exclusivamente la de informar al usuario sobre la existencia de otras fuentes susceptibles de ampliar los contenidos que ofrece este sitio web.\u00a0<b>COMPANYIA DE COMEDIANTS LA BALDUFA, S.C.C.L.<\/b>\u00a0no garantiza ni se responsabiliza del funcionamiento o accesibilidad de los sitios enlazados; ni sugiere, invita o recomienda la visita a los mismos, por lo que tampoco ser\u00e1 responsable del resultado obtenido.\u00a0<b>COMPANYIA DE COMEDIANTS LA BALDUFA, S.C.C.L.<\/b>\u00a0no se responsabiliza del establecimiento de hiperv\u00ednculos por parte de terceros. <\/span><\/p>\n<p>&nbsp;<\/p>\n<p class=\"p3\"><span class=\"s3\"><b>5. Procedimiento en caso de realizaci\u00f3n de actividades de car\u00e1cter il\u00edcito<\/b><\/span><\/p>\n<p class=\"p5\"><span class=\"s1\">En el caso de que usted o un tercero considere que existen hechos o circunstancias que revelen el car\u00e1cter il\u00edcito de la utilizaci\u00f3n de cualquier contenido y\/o de la realizaci\u00f3n de cualquier actividad en las p\u00e1ginas web incluidas o accesibles a trav\u00e9s del sitio web, deber\u00e1 ponerse en contacto con\u00a0<b>COMPANYIA DE COMEDIANTS LA BALDUFA, S.C.C.L.<\/b>\u00a0identific\u00e1ndose debidamente, especificando las supuestas infracciones y declarando expresamente y bajo su responsabilidad que la informaci\u00f3n proporcionada en la notificaci\u00f3n es exacta.<\/span><\/p>\n<p class=\"p3\"><span class=\"s1\">Para toda cuesti\u00f3n litigiosa que incumba al sitio web de\u00a0<b>COMPANYIA DE COMEDIANTS LA BALDUFA, S.C.C.L.<\/b>, ser\u00e1 de aplicaci\u00f3n la legislaci\u00f3n espa\u00f1ola, siendo competentes los Juzgados y Tribunales m\u00e1s cercanos a la sede de\u00a0(Espa\u00f1a). <\/span><\/p>\n<p>&nbsp;<\/p>\n<p class=\"p3\"><span class=\"s3\"><b>6. Publicaciones<\/b><\/span><\/p>\n<p class=\"p6\"><span class=\"s1\">La informaci\u00f3n administrativa facilitada a trav\u00e9s del sitio web no sustituye la publicidad legal de las leyes, normativas, planes, disposiciones generales y actos que tengan que ser publicados formalmente a los diarios oficiales de las administraciones p\u00fablicas, que constituyen el \u00fanico instrumento que da fe de su autenticidad y contenido. La informaci\u00f3n disponible en este sitio web debe entenderse como una gu\u00eda sin prop\u00f3sito de validez legal.<\/span><\/p>\n","protected":false},"excerpt":{"rendered":"<p>1.Objeto y aceptaci\u00f3n El presente aviso legal regula el uso de nuestro sitio web, del que es titular\u00a0COMPANYIA DE COMEDIANTS...<\/p>\n","protected":false},"author":1,"featured_media":0,"parent":0,"menu_order":0,"comment_status":"closed","ping_status":"closed","template":"","meta":{"_acf_changed":false,"inline_featured_image":false,"footnotes":""},"class_list":["post-498","page","type-page","status-publish","hentry"],"acf":[],"yoast_head":"<!-- This site is optimized with the Yoast SEO plugin v27.4 - https:\/\/yoast.com\/product\/yoast-seo-wordpress\/ -->\n<title>Avis L\u00e9gal - La Baldufa Teatre<\/title>\n<meta name=\"robots\" content=\"noindex, follow\" \/>\n<meta property=\"og:locale\" content=\"fr_FR\" \/>\n<meta property=\"og:type\" content=\"article\" \/>\n<meta property=\"og:title\" content=\"Avis L\u00e9gal - La Baldufa Teatre\" \/>\n<meta property=\"og:description\" content=\"1.Objeto y aceptaci\u00f3n El presente aviso legal regula el uso de nuestro sitio web, del que es titular\u00a0COMPANYIA DE COMEDIANTS...\" \/>\n<meta property=\"og:url\" content=\"https:\/\/www.labaldufateatre.com\/fr\/avis-legal\/\" \/>\n<meta property=\"og:site_name\" content=\"La Baldufa Teatre\" \/>\n<meta property=\"article:publisher\" content=\"http:\/\/www.facebook.com\/pages\/Companyia-de-Comediants-La-Baldufa\/94606450908\" \/>\n<meta property=\"article:modified_time\" content=\"2019-02-09T08:16:14+00:00\" \/>\n<meta name=\"twitter:card\" content=\"summary_large_image\" \/>\n<meta name=\"twitter:site\" content=\"@BaldufaTeatre\" \/>\n<meta name=\"twitter:label1\" content=\"Dur\u00e9e de lecture estim\u00e9e\" \/>\n\t<meta name=\"twitter:data1\" content=\"8 minutes\" \/>\n<script type=\"application\/ld+json\" class=\"yoast-schema-graph\">{\"@context\":\"https:\\\/\\\/schema.org\",\"@graph\":[{\"@type\":\"WebPage\",\"@id\":\"https:\\\/\\\/www.labaldufateatre.com\\\/fr\\\/avis-legal\\\/\",\"url\":\"https:\\\/\\\/www.labaldufateatre.com\\\/fr\\\/avis-legal\\\/\",\"name\":\"Avis L\u00e9gal - La Baldufa Teatre\",\"isPartOf\":{\"@id\":\"https:\\\/\\\/www.labaldufateatre.com\\\/fr\\\/#website\"},\"datePublished\":\"2018-11-16T18:35:09+00:00\",\"dateModified\":\"2019-02-09T08:16:14+00:00\",\"breadcrumb\":{\"@id\":\"https:\\\/\\\/www.labaldufateatre.com\\\/fr\\\/avis-legal\\\/#breadcrumb\"},\"inLanguage\":\"fr-FR\",\"potentialAction\":[{\"@type\":\"ReadAction\",\"target\":[\"https:\\\/\\\/www.labaldufateatre.com\\\/fr\\\/avis-legal\\\/\"]}]},{\"@type\":\"BreadcrumbList\",\"@id\":\"https:\\\/\\\/www.labaldufateatre.com\\\/fr\\\/avis-legal\\\/#breadcrumb\",\"itemListElement\":[{\"@type\":\"ListItem\",\"position\":1,\"name\":\"Portada\",\"item\":\"https:\\\/\\\/www.labaldufateatre.com\\\/fr\\\/\"},{\"@type\":\"ListItem\",\"position\":2,\"name\":\"Avis L\u00e9gal\"}]},{\"@type\":\"WebSite\",\"@id\":\"https:\\\/\\\/www.labaldufateatre.com\\\/fr\\\/#website\",\"url\":\"https:\\\/\\\/www.labaldufateatre.com\\\/fr\\\/\",\"name\":\"La Baldufa Teatre\",\"description\":\"Companyia de Comediants\",\"potentialAction\":[{\"@type\":\"SearchAction\",\"target\":{\"@type\":\"EntryPoint\",\"urlTemplate\":\"https:\\\/\\\/www.labaldufateatre.com\\\/fr\\\/?s={search_term_string}\"},\"query-input\":{\"@type\":\"PropertyValueSpecification\",\"valueRequired\":true,\"valueName\":\"search_term_string\"}}],\"inLanguage\":\"fr-FR\"}]}<\/script>\n<!-- \/ Yoast SEO plugin. -->","yoast_head_json":{"title":"Avis L\u00e9gal - La Baldufa Teatre","robots":{"index":"noindex","follow":"follow"},"og_locale":"fr_FR","og_type":"article","og_title":"Avis L\u00e9gal - La Baldufa Teatre","og_description":"1.Objeto y aceptaci\u00f3n El presente aviso legal regula el uso de nuestro sitio web, del que es titular\u00a0COMPANYIA DE COMEDIANTS...","og_url":"https:\/\/www.labaldufateatre.com\/fr\/avis-legal\/","og_site_name":"La Baldufa Teatre","article_publisher":"http:\/\/www.facebook.com\/pages\/Companyia-de-Comediants-La-Baldufa\/94606450908","article_modified_time":"2019-02-09T08:16:14+00:00","twitter_card":"summary_large_image","twitter_site":"@BaldufaTeatre","twitter_misc":{"Dur\u00e9e de lecture estim\u00e9e":"8 minutes"},"schema":{"@context":"https:\/\/schema.org","@graph":[{"@type":"WebPage","@id":"https:\/\/www.labaldufateatre.com\/fr\/avis-legal\/","url":"https:\/\/www.labaldufateatre.com\/fr\/avis-legal\/","name":"Avis L\u00e9gal - La Baldufa Teatre","isPartOf":{"@id":"https:\/\/www.labaldufateatre.com\/fr\/#website"},"datePublished":"2018-11-16T18:35:09+00:00","dateModified":"2019-02-09T08:16:14+00:00","breadcrumb":{"@id":"https:\/\/www.labaldufateatre.com\/fr\/avis-legal\/#breadcrumb"},"inLanguage":"fr-FR","potentialAction":[{"@type":"ReadAction","target":["https:\/\/www.labaldufateatre.com\/fr\/avis-legal\/"]}]},{"@type":"BreadcrumbList","@id":"https:\/\/www.labaldufateatre.com\/fr\/avis-legal\/#breadcrumb","itemListElement":[{"@type":"ListItem","position":1,"name":"Portada","item":"https:\/\/www.labaldufateatre.com\/fr\/"},{"@type":"ListItem","position":2,"name":"Avis L\u00e9gal"}]},{"@type":"WebSite","@id":"https:\/\/www.labaldufateatre.com\/fr\/#website","url":"https:\/\/www.labaldufateatre.com\/fr\/","name":"La Baldufa Teatre","description":"Companyia de Comediants","potentialAction":[{"@type":"SearchAction","target":{"@type":"EntryPoint","urlTemplate":"https:\/\/www.labaldufateatre.com\/fr\/?s={search_term_string}"},"query-input":{"@type":"PropertyValueSpecification","valueRequired":true,"valueName":"search_term_string"}}],"inLanguage":"fr-FR"}]}},"_links":{"self":[{"href":"https:\/\/www.labaldufateatre.com\/fr\/wp-json\/wp\/v2\/pages\/498","targetHints":{"allow":["GET"]}}],"collection":[{"href":"https:\/\/www.labaldufateatre.com\/fr\/wp-json\/wp\/v2\/pages"}],"about":[{"href":"https:\/\/www.labaldufateatre.com\/fr\/wp-json\/wp\/v2\/types\/page"}],"author":[{"embeddable":true,"href":"https:\/\/www.labaldufateatre.com\/fr\/wp-json\/wp\/v2\/users\/1"}],"replies":[{"embeddable":true,"href":"https:\/\/www.labaldufateatre.com\/fr\/wp-json\/wp\/v2\/comments?post=498"}],"version-history":[{"count":6,"href":"https:\/\/www.labaldufateatre.com\/fr\/wp-json\/wp\/v2\/pages\/498\/revisions"}],"predecessor-version":[{"id":914,"href":"https:\/\/www.labaldufateatre.com\/fr\/wp-json\/wp\/v2\/pages\/498\/revisions\/914"}],"wp:attachment":[{"href":"https:\/\/www.labaldufateatre.com\/fr\/wp-json\/wp\/v2\/media?parent=498"}],"curies":[{"name":"wp","href":"https:\/\/api.w.org\/{rel}","templated":true}]}}