{"id":500,"date":"2018-11-16T19:35:21","date_gmt":"2018-11-16T18:35:21","guid":{"rendered":"https:\/\/www.labaldufateatre.com\/?page_id=500"},"modified":"2019-02-09T09:16:44","modified_gmt":"2019-02-09T08:16:44","slug":"politique-de-confidentialite","status":"publish","type":"page","link":"https:\/\/www.labaldufateatre.com\/fr\/politique-de-confidentialite\/","title":{"rendered":"Politique de Confidentialit\u00e9"},"content":{"rendered":"<p><span class=\"s3\"><b>1. Datos relativos al Responsable<\/b><\/span><\/p>\n<p class=\"p3\"><span class=\"s1\"><b>Responsable Tratamiento<\/b><br \/>\nEmpresa: COMPANYIA DE COMEDIANTS LA BALDUFA, S.C.C.L. - F25415324<br \/>\nDirecci\u00f3n: C\/ M\u00daSIC VIVALDI 12 BX - 25003 LLEIDA<br \/>\nContacto: <a href=\"mailto:baldufa@labaldufateatre.com\"><span class=\"s4\">baldufa@labaldufateatre.com<\/span><\/a> - +34 973 281 457<\/span><\/p>\n<p>&nbsp;<\/p>\n<p class=\"p3\"><span class=\"s3\"><b>2. Finalidades<\/b><\/span><\/p>\n<p class=\"p5\"><span class=\"s1\">En cumplimiento de lo dispuesto en el Reglamento Europeo 2016\/679 General de Protecci\u00f3n de Datos, le informamos de que, dependiendo de la relaci\u00f3n que tenga con nosotros, en\u00a0<b>COMPANYIA DE COMEDIANTS LA BALDUFA, S.C.C.L.<\/b>\u00a0tratamos los datos que nos facilita para alguna, o todas, las siguientes finalidades:<\/span><\/p>\n<ol class=\"ol1\">\n<li style=\"list-style-type: none;\">\n<ul class=\"ul1\">\n<li class=\"li2\"><span class=\"s3\">Archivo\/historial de trabajadores y extrabajadores de la empresa<\/span><\/li>\n<li class=\"li2\"><span class=\"s3\">Compra\/venta de material<\/span><\/li>\n<li class=\"li2\"><span class=\"s3\">Control y supervisi\u00f3n de la eficiencia y calidad de la entidad<\/span><\/li>\n<li class=\"li2\"><span class=\"s3\">Coordinaci\u00f3n de actividades empresariales<\/span><\/li>\n<li class=\"li2\"><span class=\"s3\">Creaci\u00f3n de contratos, confecci\u00f3n de n\u00f3minas y otras tareas relacionadas<\/span><\/li>\n<li class=\"li2\"><span class=\"s3\">Env\u00edo de informaci\u00f3n comercial de la entidad mediante correo postal, correo electr\u00f3nico u otros<\/span><\/li>\n<li class=\"li2\"><span class=\"s3\">Formaci\u00f3n<\/span><\/li>\n<li class=\"li2\"><span class=\"s3\">Gesti\u00f3n contable, administrativa, de facturaci\u00f3n y gesti\u00f3n de cobros.<\/span><\/li>\n<li class=\"li2\"><span class=\"s3\">Gesti\u00f3n contable, administrativa, de facturaci\u00f3n, de cobros y pagos<\/span><\/li>\n<li class=\"li2\"><span class=\"s3\">Gesti\u00f3n del tratamiento para actividades de la asociaci\u00f3n<\/span><\/li>\n<li class=\"li2\"><span class=\"s3\">Informaci\u00f3n comercial mediante correos electr\u00f3nicos desde la plataforma MailChimp, sin que el Responsable pueda asegurar unas correctas medidas de seguridad y tratamiento adecuados al RGPD de la propia plataforma<\/span><\/li>\n<li class=\"li2\"><span class=\"s3\">Mantenimiento de la relaci\u00f3n laboral y contra-prestaci\u00f3n por los trabajos realizados<\/span><\/li>\n<li class=\"li2\"><span class=\"s3\">Prestarles un servicio<\/span><\/li>\n<li class=\"li2\"><span class=\"s3\">Realizaci\u00f3n de un curso\/formaci\u00f3n mediante p\u00e1gina web\/plataforma.<\/span><\/li>\n<li class=\"li2\"><span class=\"s3\">Realizar un proceso de selecci\u00f3n de personal en funci\u00f3n de las capacidades, aptitudes y otros datos de inter\u00e9s incluidos en el curr\u00edculum<\/span><\/li>\n<li class=\"li2\"><span class=\"s3\">Recepci\u00f3n de la prestaci\u00f3n de un servicio<\/span><\/li>\n<li class=\"li2\"><span class=\"s3\">Registro de los cursos\/formaciones realizadas<\/span><\/li>\n<li class=\"li2\"><span class=\"s3\">Registro evolutivo de los trabajos realizados<\/span><\/li>\n<li class=\"li2\"><span class=\"s3\">Tramitaci\u00f3n de altas y bajas por enfermedad com\u00fan o accidente laboral<\/span><\/li>\n<li class=\"li2\"><span class=\"s3\">Tramitaci\u00f3n de presupuestos<\/span><\/li>\n<li class=\"li2\"><span class=\"s3\">Tramitaci\u00f3n de subvenciones p\u00fablicas<\/span><\/li>\n<li class=\"li2\"><span class=\"s3\">Tratamiento de datos para cursos y formaciones<\/span><\/li>\n<li class=\"li2\"><span class=\"s3\">Utilizaci\u00f3n de datos derivados de las actividades de la empresa<\/span><\/li>\n<\/ul>\n<\/li>\n<\/ol>\n<p>&nbsp;<\/p>\n<p><b>3. Plazo de conservaci\u00f3n de los datos<\/b><\/p>\n<p class=\"p5\"><span class=\"s1\">Sus datos ser\u00e1n conservados mientras dure la relaci\u00f3n contractual, comercial o de otro tipo con nuestra entidad, solicite su supresi\u00f3n, as\u00ed como el tiempo necesario para cumplir las obligaciones legales.<\/span><\/p>\n<p>&nbsp;<\/p>\n<p class=\"p5\"><span class=\"s3\"><b>4. Legitimaci\u00f3n<\/b><\/span><\/p>\n<p class=\"p5\"><span class=\"s1\">La base legal para el tratamiento de tus datos radica por:<\/span><\/p>\n<ol class=\"ol1\">\n<li style=\"list-style-type: none;\">\n<ul class=\"ul1\">\n<li class=\"li2\"><span class=\"s3\">Consentimiento inequ\u00edvoco<\/span><\/li>\n<li class=\"li2\"><span class=\"s3\">Ejecuci\u00f3n de un contrato<\/span><\/li>\n<\/ul>\n<\/li>\n<\/ol>\n<p>&nbsp;<\/p>\n<p><span class=\"s3\"><b>5. Destinatarios<\/b><\/span><\/p>\n<p class=\"p5\"><span class=\"s1\">Sus datos personales ser\u00e1n comunicados a terceros en los siguientes supuestos:<\/span><\/p>\n<ol class=\"ol1\">\n<li style=\"list-style-type: none;\">\n<ul class=\"ul1\">\n<li class=\"li2\"><span class=\"s3\">Administraci\u00f3n tributaria<\/span><\/li>\n<li class=\"li2\"><span class=\"s3\">Bancos y entidades financieras<\/span><\/li>\n<li class=\"li2\"><span class=\"s3\">Entidades de Consultor\u00eda\/Auditor\u00eda<\/span><\/li>\n<li class=\"li2\"><span class=\"s3\">Entidades de formaci\u00f3n<\/span><\/li>\n<li class=\"li2\"><span class=\"s3\">Entidades inform\u00e1ticas de mantenimiento de software y hardware<\/span><\/li>\n<li class=\"li2\"><span class=\"s3\">Gestor\u00eda\/Asesor\u00eda<\/span><\/li>\n<li class=\"li2\"><span class=\"s3\">Seguridad social<\/span><\/li>\n<li class=\"li2\"><span class=\"s3\">Servicio de Prevenci\u00f3n de Riesgos Laborales<\/span><\/li>\n<\/ul>\n<\/li>\n<\/ol>\n<p>&nbsp;<\/p>\n<p><span class=\"s3\"><b>6. Derechos<\/b><\/span><\/p>\n<p class=\"p5\"><span class=\"s1\">Tiene derecho a obtener confirmaci\u00f3n sobre si en\u00a0<b>COMPANYIA DE COMEDIANTS LA BALDUFA, S.C.C.L.<\/b>\u00a0estamos tratando datos personales que le conciernan, o no.<\/span><\/p>\n<p class=\"p5\"><span class=\"s1\">Asimismo, tiene derecho de acceso a sus datos personales, as\u00ed como a solicitar la\u00a0<i>rectificaci\u00f3n<\/i>\u00a0de los datos inexactos o, en su caso, solicitar su\u00a0<i>supresi\u00f3n<\/i>\u00a0cuando, entre otros motivos, los datos ya no sean necesarios para los fines que fueron recogidos.<\/span><\/p>\n<p class=\"p5\"><span class=\"s1\">En determinadas circunstancias, podr\u00e1 solicitar la\u00a0<i>limitaci\u00f3n del tratamiento<\/i>\u00a0de sus datos, en cuyo caso \u00fanicamente los conservaremos para el ejercicio o la defensa de reclamaciones.<\/span><\/p>\n<p class=\"p5\"><span class=\"s1\">Adicionalmente, en determinadas circunstancias y por motivos relacionados con tu situaci\u00f3n particular, podr\u00e1 ejercer el derecho de\u00a0<i>oposici\u00f3n<\/i>\u00a0al tratamiento de sus datos.\u00a0<b>COMPANYIA DE COMEDIANTS LA BALDUFA, S.C.C.L.<\/b>\u00a0dejar\u00e1 de tratar los datos, salvo por motivos leg\u00edtimos imperiosos, o el ejercicio o la defensa de posibles reclamaciones.<\/span><\/p>\n<p class=\"p5\"><span class=\"s1\">Asimismo, puede ejercer el derecho a la\u00a0<i>portabilidad<\/i>\u00a0de los datos, as\u00ed como retirar los consentimientos facilitados en cualquier momento, sin que ello afecte a la licitud del tratamiento basado en el consentimiento previo a su retirada.<\/span><\/p>\n<p class=\"p5\"><span class=\"s1\">Si desea hacer uso de cualquiera de tus derechos puede realizarlos a trav\u00e9s de los enlaces habilitados que encontrar\u00e1 a continuaci\u00f3n:<\/span><\/p>\n<ol class=\"ol1\">\n<li style=\"list-style-type: none;\">\n<ul class=\"ul1\">\n<li class=\"li2\"><span class=\"s3\">Para ejercer su derecho de\u00a0<b>Acceso<\/b>\u00a0haga clic\u00a0<a href=\"https:\/\/intranet.milopd.com\/webApp\/clientes_derechos\/derechos-formulario.php?id_cliente=Nmtva0E1OVNJWks2RE1VZ1NHeE1XQT09\" target=\"_blank\" rel=\"noopener\"><span class=\"s6\">aqu\u00ed<\/span><\/a><\/span><\/li>\n<li class=\"li2\"><span class=\"s3\">Para ejercer su derecho de\u00a0<b>Rectificaci\u00f3n<\/b>\u00a0haga clic\u00a0<a href=\"https:\/\/intranet.milopd.com\/webApp\/clientes_derechos\/derechos-formulario.php?id_cliente=Nmtva0E1OVNJWks2RE1VZ1NHeE1XQT09\" target=\"_blank\" rel=\"noopener\"><span class=\"s6\">aqu\u00ed<\/span><\/a><\/span><\/li>\n<li class=\"li2\"><span class=\"s3\">Para ejercer su derecho de\u00a0<b>Supresi\u00f3n (Olvido)<\/b>\u00a0haga clic\u00a0<a href=\"https:\/\/intranet.milopd.com\/webApp\/clientes_derechos\/derechos-formulario.php?id_cliente=Nmtva0E1OVNJWks2RE1VZ1NHeE1XQT09\" target=\"_blank\" rel=\"noopener\"><span class=\"s6\">aqu\u00ed<\/span><\/a><\/span><\/li>\n<li class=\"li2\"><span class=\"s3\">Para ejercer su derecho de\u00a0<b>Limitaci\u00f3n del Tratamiento<\/b>\u00a0haga clic\u00a0<a href=\"https:\/\/intranet.milopd.com\/webApp\/clientes_derechos\/derechos-formulario.php?id_cliente=Nmtva0E1OVNJWks2RE1VZ1NHeE1XQT09\" target=\"_blank\" rel=\"noopener\"><span class=\"s6\">aqu\u00ed<\/span><\/a><\/span><\/li>\n<li class=\"li2\"><span class=\"s3\">Para ejercer su derecho de\u00a0<b>Oposici\u00f3n<\/b>\u00a0haga clic\u00a0<a href=\"https:\/\/intranet.milopd.com\/webApp\/clientes_derechos\/derechos-formulario.php?id_cliente=Nmtva0E1OVNJWks2RE1VZ1NHeE1XQT09\" target=\"_blank\" rel=\"noopener\"><span class=\"s6\">aqu\u00ed<\/span><\/a><\/span><\/li>\n<li class=\"li2\"><span class=\"s3\">Para ejercer su derecho de\u00a0<b>Portabilidad<\/b>\u00a0haga clic\u00a0<a href=\"https:\/\/intranet.milopd.com\/webApp\/clientes_derechos\/derechos-formulario.php?id_cliente=Nmtva0E1OVNJWks2RE1VZ1NHeE1XQT09\" target=\"_blank\" rel=\"noopener\"><span class=\"s6\">aqu\u00ed<\/span><\/a><\/span><\/li>\n<\/ul>\n<\/li>\n<\/ol>\n<p class=\"p5\"><span class=\"s1\">Alternativamente, tambi\u00e9n puede dirigirse a nosotros mediante correo postal a la siguiente direcci\u00f3n:\u00a0<b>C\/ MUSIC VIVALDI 12 - (25003) LLEIDA<\/b>\u00a0adjuntado una fotocopia del DNI, para la certeza de su identidad. Recuerde facilitar la mayor informaci\u00f3n posible sobre su solicitud: Nombre y apellidos, direcci\u00f3n de correo electr\u00f3nico que utiliza para la cuenta o portal objeto de tu solicitud.<\/span><\/p>\n<p class=\"p5\"><span class=\"s1\">Por \u00faltimo, le informamos que puede dirigirse ante la Agencia Espa\u00f1ola de Protecci\u00f3n de Datos y dem\u00e1s organismos p\u00fablicos competentes para cualquier reclamaci\u00f3n derivada del tratamiento de tus datos personales.<\/span><\/p>\n<p>&nbsp;<\/p>\n<p class=\"p5\"><span class=\"s3\"><b>7. Pol\u00edtica de cookies<\/b><\/span><\/p>\n<p class=\"p5\"><span class=\"s1\">Para conocer las cookies que utilizamos en nuestra p\u00e1gina, recuerde que puede acceder a nuestra Pol\u00edtica de Cookies a trav\u00e9s del siguiente enlace\u00a0<a href=\"https:\/\/www.labaldufateatre.com\/politica-de-cookies\/\" target=\"_blank\" rel=\"noopener\"><span class=\"s7\">pol\u00edtica de cookies<\/span><\/a>.<\/span><\/p>\n","protected":false},"excerpt":{"rendered":"<p>1. Datos relativos al Responsable Responsable Tratamiento Empresa: COMPANYIA DE COMEDIANTS LA BALDUFA, S.C.C.L. - F25415324 Direcci\u00f3n: C\/ M\u00daSIC VIVALDI...<\/p>\n","protected":false},"author":1,"featured_media":0,"parent":0,"menu_order":0,"comment_status":"closed","ping_status":"closed","template":"","meta":{"_acf_changed":false,"inline_featured_image":false,"footnotes":""},"class_list":["post-500","page","type-page","status-publish","hentry"],"acf":[],"yoast_head":"<!-- This site is optimized with the Yoast SEO plugin v27.4 - https:\/\/yoast.com\/product\/yoast-seo-wordpress\/ -->\n<title>Politique de Confidentialit\u00e9 - La Baldufa Teatre<\/title>\n<meta name=\"robots\" content=\"noindex, follow\" \/>\n<meta property=\"og:locale\" content=\"fr_FR\" \/>\n<meta property=\"og:type\" content=\"article\" \/>\n<meta property=\"og:title\" content=\"Politique de Confidentialit\u00e9 - La Baldufa Teatre\" \/>\n<meta property=\"og:description\" content=\"1. Datos relativos al Responsable Responsable Tratamiento Empresa: COMPANYIA DE COMEDIANTS LA BALDUFA, S.C.C.L. - F25415324 Direcci\u00f3n: C\/ M\u00daSIC VIVALDI...\" \/>\n<meta property=\"og:url\" content=\"https:\/\/www.labaldufateatre.com\/fr\/politique-de-confidentialite\/\" \/>\n<meta property=\"og:site_name\" content=\"La Baldufa Teatre\" \/>\n<meta property=\"article:publisher\" content=\"http:\/\/www.facebook.com\/pages\/Companyia-de-Comediants-La-Baldufa\/94606450908\" \/>\n<meta property=\"article:modified_time\" content=\"2019-02-09T08:16:44+00:00\" \/>\n<meta name=\"twitter:card\" content=\"summary_large_image\" \/>\n<meta name=\"twitter:site\" content=\"@BaldufaTeatre\" \/>\n<meta name=\"twitter:label1\" content=\"Dur\u00e9e de lecture estim\u00e9e\" \/>\n\t<meta name=\"twitter:data1\" content=\"4 minutes\" \/>\n<script type=\"application\/ld+json\" class=\"yoast-schema-graph\">{\"@context\":\"https:\\\/\\\/schema.org\",\"@graph\":[{\"@type\":\"WebPage\",\"@id\":\"https:\\\/\\\/www.labaldufateatre.com\\\/fr\\\/politique-de-confidentialite\\\/\",\"url\":\"https:\\\/\\\/www.labaldufateatre.com\\\/fr\\\/politique-de-confidentialite\\\/\",\"name\":\"Politique de Confidentialit\u00e9 - La Baldufa Teatre\",\"isPartOf\":{\"@id\":\"https:\\\/\\\/www.labaldufateatre.com\\\/fr\\\/#website\"},\"datePublished\":\"2018-11-16T18:35:21+00:00\",\"dateModified\":\"2019-02-09T08:16:44+00:00\",\"breadcrumb\":{\"@id\":\"https:\\\/\\\/www.labaldufateatre.com\\\/fr\\\/politique-de-confidentialite\\\/#breadcrumb\"},\"inLanguage\":\"fr-FR\",\"potentialAction\":[{\"@type\":\"ReadAction\",\"target\":[\"https:\\\/\\\/www.labaldufateatre.com\\\/fr\\\/politique-de-confidentialite\\\/\"]}]},{\"@type\":\"BreadcrumbList\",\"@id\":\"https:\\\/\\\/www.labaldufateatre.com\\\/fr\\\/politique-de-confidentialite\\\/#breadcrumb\",\"itemListElement\":[{\"@type\":\"ListItem\",\"position\":1,\"name\":\"Portada\",\"item\":\"https:\\\/\\\/www.labaldufateatre.com\\\/fr\\\/\"},{\"@type\":\"ListItem\",\"position\":2,\"name\":\"Politique de Confidentialit\u00e9\"}]},{\"@type\":\"WebSite\",\"@id\":\"https:\\\/\\\/www.labaldufateatre.com\\\/fr\\\/#website\",\"url\":\"https:\\\/\\\/www.labaldufateatre.com\\\/fr\\\/\",\"name\":\"La Baldufa Teatre\",\"description\":\"Companyia de Comediants\",\"potentialAction\":[{\"@type\":\"SearchAction\",\"target\":{\"@type\":\"EntryPoint\",\"urlTemplate\":\"https:\\\/\\\/www.labaldufateatre.com\\\/fr\\\/?s={search_term_string}\"},\"query-input\":{\"@type\":\"PropertyValueSpecification\",\"valueRequired\":true,\"valueName\":\"search_term_string\"}}],\"inLanguage\":\"fr-FR\"}]}<\/script>\n<!-- \/ Yoast SEO plugin. -->","yoast_head_json":{"title":"Politique de Confidentialit\u00e9 - La Baldufa Teatre","robots":{"index":"noindex","follow":"follow"},"og_locale":"fr_FR","og_type":"article","og_title":"Politique de Confidentialit\u00e9 - La Baldufa Teatre","og_description":"1. Datos relativos al Responsable Responsable Tratamiento Empresa: COMPANYIA DE COMEDIANTS LA BALDUFA, S.C.C.L. - F25415324 Direcci\u00f3n: C\/ M\u00daSIC VIVALDI...","og_url":"https:\/\/www.labaldufateatre.com\/fr\/politique-de-confidentialite\/","og_site_name":"La Baldufa Teatre","article_publisher":"http:\/\/www.facebook.com\/pages\/Companyia-de-Comediants-La-Baldufa\/94606450908","article_modified_time":"2019-02-09T08:16:44+00:00","twitter_card":"summary_large_image","twitter_site":"@BaldufaTeatre","twitter_misc":{"Dur\u00e9e de lecture estim\u00e9e":"4 minutes"},"schema":{"@context":"https:\/\/schema.org","@graph":[{"@type":"WebPage","@id":"https:\/\/www.labaldufateatre.com\/fr\/politique-de-confidentialite\/","url":"https:\/\/www.labaldufateatre.com\/fr\/politique-de-confidentialite\/","name":"Politique de Confidentialit\u00e9 - La Baldufa Teatre","isPartOf":{"@id":"https:\/\/www.labaldufateatre.com\/fr\/#website"},"datePublished":"2018-11-16T18:35:21+00:00","dateModified":"2019-02-09T08:16:44+00:00","breadcrumb":{"@id":"https:\/\/www.labaldufateatre.com\/fr\/politique-de-confidentialite\/#breadcrumb"},"inLanguage":"fr-FR","potentialAction":[{"@type":"ReadAction","target":["https:\/\/www.labaldufateatre.com\/fr\/politique-de-confidentialite\/"]}]},{"@type":"BreadcrumbList","@id":"https:\/\/www.labaldufateatre.com\/fr\/politique-de-confidentialite\/#breadcrumb","itemListElement":[{"@type":"ListItem","position":1,"name":"Portada","item":"https:\/\/www.labaldufateatre.com\/fr\/"},{"@type":"ListItem","position":2,"name":"Politique de Confidentialit\u00e9"}]},{"@type":"WebSite","@id":"https:\/\/www.labaldufateatre.com\/fr\/#website","url":"https:\/\/www.labaldufateatre.com\/fr\/","name":"La Baldufa Teatre","description":"Companyia de Comediants","potentialAction":[{"@type":"SearchAction","target":{"@type":"EntryPoint","urlTemplate":"https:\/\/www.labaldufateatre.com\/fr\/?s={search_term_string}"},"query-input":{"@type":"PropertyValueSpecification","valueRequired":true,"valueName":"search_term_string"}}],"inLanguage":"fr-FR"}]}},"_links":{"self":[{"href":"https:\/\/www.labaldufateatre.com\/fr\/wp-json\/wp\/v2\/pages\/500","targetHints":{"allow":["GET"]}}],"collection":[{"href":"https:\/\/www.labaldufateatre.com\/fr\/wp-json\/wp\/v2\/pages"}],"about":[{"href":"https:\/\/www.labaldufateatre.com\/fr\/wp-json\/wp\/v2\/types\/page"}],"author":[{"embeddable":true,"href":"https:\/\/www.labaldufateatre.com\/fr\/wp-json\/wp\/v2\/users\/1"}],"replies":[{"embeddable":true,"href":"https:\/\/www.labaldufateatre.com\/fr\/wp-json\/wp\/v2\/comments?post=500"}],"version-history":[{"count":7,"href":"https:\/\/www.labaldufateatre.com\/fr\/wp-json\/wp\/v2\/pages\/500\/revisions"}],"predecessor-version":[{"id":915,"href":"https:\/\/www.labaldufateatre.com\/fr\/wp-json\/wp\/v2\/pages\/500\/revisions\/915"}],"wp:attachment":[{"href":"https:\/\/www.labaldufateatre.com\/fr\/wp-json\/wp\/v2\/media?parent=500"}],"curies":[{"name":"wp","href":"https:\/\/api.w.org\/{rel}","templated":true}]}}