{"id":502,"date":"2018-11-16T19:35:32","date_gmt":"2018-11-16T18:35:32","guid":{"rendered":"https:\/\/www.labaldufateatre.com\/?page_id=502"},"modified":"2019-02-09T09:22:13","modified_gmt":"2019-02-09T08:22:13","slug":"politique-de-cookie","status":"publish","type":"page","link":"https:\/\/www.labaldufateatre.com\/fr\/politique-de-cookie\/","title":{"rendered":"Politique de Cookie"},"content":{"rendered":"<p class=\"p2\"><strong><span class=\"s1\">Informaci\u00f3n General de las cookies<\/span><\/strong><\/p>\n<p class=\"p3\"><span class=\"s1\">La confianza del usuario es importante para nosotros, y por consiguiente, en\u00a0<b>COMPANYIA DE COMEDIANTS LA BALDUFA, S.C.C.L. <\/b>nos preocupa proteger su privacidad. Un aspecto importante de esto es proporcionarle toda la informaci\u00f3n posible sobre c\u00f3mo utilizamos tus datos de car\u00e1cter personal, incluso c\u00f3mo utilizamos el almacenamiento local de datos y tecnolog\u00eda similar<\/span><\/p>\n<p class=\"p3\"><span class=\"s1\">El almacenamiento local de datos implica almacenar diferentes tipos de datos localmente en su dispositivo a trav\u00e9s de su navegador web. Los datos almacenados localmente pueden, por ejemplo, contener la configuraci\u00f3n del usuario, informaci\u00f3n sobre c\u00f3mo navega por nuestro sitio web, qu\u00e9 navegador web utiliza, qu\u00e9 anuncios se han mostrado, y el comportamiento similar en sitios web con los que colaboramos. Los datos almacenados localmente pueden ser utilizados para personalizar el contenido y las funciones en nuestros servicios de forma que sus visitas sean m\u00e1s c\u00f3modas y tengan m\u00e1s sentido.<\/span><\/p>\n<p class=\"p3\"><span class=\"s1\">Un m\u00e9todo de almacenamiento local de datos son las cookies. Las cookies son peque\u00f1os archivos de texto que se almacenan en su dispositivo (PC, tel\u00e9fono m\u00f3vil o tableta) que nos permiten reconocer su navegador web. Las cookies contienen informaci\u00f3n principalmente sobre su navegador web y sobre cualquier actividad que se ha producido en \u00e9l. Nos ayudan a garantizar la seguridad y el funcionamiento \u00f3ptimo de nuestro sitio web, una vez sale de nuestra web estas son eliminadas (cookies de seguridad y cookies de sesi\u00f3n) y recogen informaci\u00f3n sobre los productos que les interesan a nuestras visitas de internet y sobre c\u00f3mo navegan a trav\u00e9s de nuestro sitio web para que nuestras ofertas online sean m\u00e1s atractivas para los usuarios (cookies de seguimiento).<\/span><\/p>\n<p>&nbsp;<\/p>\n<p class=\"p2\"><strong><span class=\"s1\">Informaci\u00f3n complementaria de la cookies<\/span><\/strong><\/p>\n<p class=\"p3\"><span class=\"s1\">Utilizamos el almacenamiento local de datos para una serie de fines, tales como: permitirnos realizar nuestros servicios; aportarte contenido pertinente, personalizado cuando visitas nuestros sitios web; medir y analizar el tr\u00e1fico en nuestro sitio web; mejorar nuestros servicios; y dirigir publicidad espec\u00edfica. A continuaci\u00f3n, se ofrecen m\u00e1s detalles sobre estos temas:<\/span><\/p>\n<ul class=\"ul1\">\n<li class=\"li5\"><span class=\"s3\">Para nuestra publicidad<\/span><\/li>\n<\/ul>\n<p class=\"p6\"><span class=\"s1\">Utilizamos el almacenamiento local de datos en relaci\u00f3n con las actividades publicitarias. Esto nos permite saber si y con frecuencia el usuario ha visto un anuncio o determinado tipo de anuncio, y cu\u00e1nto tiempo hace que lo vio.<\/span><\/p>\n<p class=\"p6\"><span class=\"s1\">Tambi\u00e9n utilizamos el almacenamiento local de datos para construir segmentos y grupos objetivo con fines de marketing y para dirigir anuncios espec\u00edficos.<\/span><\/p>\n<ul class=\"ul1\">\n<li class=\"li5\"><span class=\"s3\">Para analizar y mejorar nuestros servicios<\/span><\/li>\n<\/ul>\n<p class=\"p6\"><span class=\"s1\">Utilizamos diversas herramientas de medici\u00f3n que nos proporcionan estad\u00edsticas y an\u00e1lisis relativos a nuestros servicios. Estas herramientas nos permiten reconocer el navegador web a lo largo del tiempo y averiguar si el usuario ha visitado el sitio web anteriormente y si es as\u00ed con qu\u00e9 frecuencia. Estas herramientas nos ofrecen la posibilidad de lograr una visi\u00f3n general de cu\u00e1ntos usuarios \u00fanicos tenemos y c\u00f3mo utilizan nuestros servicios.<\/span><\/p>\n<p class=\"p6\"><span class=\"s1\">Asimismo, utilizamos la informaci\u00f3n que hemos recogido y analizado para desarrollar y mejorar nuestros servicios; por ejemplo, averiguando qu\u00e9 servicios generan mucho tr\u00e1fico o viendo si un servicio est\u00e1 funcionando de manera \u00f3ptima.<\/span><\/p>\n<ul class=\"ul1\">\n<li class=\"li5\"><span class=\"s3\">Para entregar y adaptar los servicios a su uso<\/span><\/li>\n<\/ul>\n<p class=\"p6\"><span class=\"s1\">Se requiere y es necesario el almacenamiento local de datos con el fin de permitirte utilizar nuestros servicios, tales como informaci\u00f3n sobre su configuraci\u00f3n, que nos dice c\u00f3mo deben presentarse los servicios en tu navegador web.<\/span><\/p>\n<p class=\"p6\"><span class=\"s1\">Tambi\u00e9n utilizamos el almacenamiento local de datos para adaptar nuestros servicios a su uso lo mejor posible.<\/span><\/p>\n<p>&nbsp;<\/p>\n<p class=\"p2\"><strong><span class=\"s1\">Gesti\u00f3n de las cookies<\/span><\/strong><\/p>\n<p class=\"p3\"><span class=\"s1\">Puede desactivar las cookies o configurar su navegador para que le avise cuando te env\u00edan una cookie.<\/span><\/p>\n<p class=\"p3\"><span class=\"s1\">La configuraci\u00f3n en su navegador web normalmente muestra una lista de todas las cookies que han sido almacenadas para proporcionarle una visi\u00f3n general y, si lo desea, para eliminar las cookies no deseadas. Normalmente, puede indicar que acepta el almacenamiento de cookies de los sitios web que visitas o de terceros afiliados a dichos sitios web. Tambi\u00e9n puede escoger ser notificado cada vez que se almacena una nueva cookie. Se le proporciona a continuaci\u00f3n orientaci\u00f3n sobre c\u00f3mo hacer esto en diferentes navegadores web. Su navegador web almacena normalmente cookies en una carpeta espec\u00edfica en su disco duro, de forma que pueda examinar tambi\u00e9n el contenido con m\u00e1s detalle.<\/span><\/p>\n<p class=\"p3\"><span class=\"s1\">Sin embargo, las cookies que est\u00e1n presentes en el sitio web cambian con frecuencia, y no todas las cookies son igual de importantes. Por consiguiente, si\u00a0<b>COMPANYIA DE COMEDIANTS LA BALDUFA, S.C.C.L.<\/b>\u00a0cambia el uso de las cookies de seguimiento, se le notificar\u00e1 con un mensaje.<\/span><\/p>\n<p class=\"p3\"><span class=\"s1\">Asimismo, hay disponibles servicios que han sido desarrollados especialmente para proporcionar a los usuarios una lista actualizada de cookies y otros mecanismos de seguimiento.<\/span><\/p>\n<p class=\"p3\"><span class=\"s1\">Tenga en cuenta que si usted las desactiva, es posible que no pueda disfrutar de todas las funcionalidades de nuestro sitio web<\/span><\/p>\n<p class=\"p3\"><span class=\"s1\">A continuaci\u00f3n, se le presenta un resumen de c\u00f3mo los datos almacenados localmente pueden ser gestionados en diferentes navegadores web. Tenga en cuenta que este proceso puede cambiar y que las descripciones dadas aqu\u00ed pueden no estar actualizadas.<\/span><\/p>\n<p class=\"p7\"><span class=\"s1\">Gesti\u00f3n de cookies en Google Chrome<\/span><\/p>\n<ul class=\"ul1\">\n<li class=\"li5\"><span class=\"s3\">C\u00f3mo eliminar cookies:<\/span>\n<ol class=\"ol1\">\n<li class=\"li5\"><span class=\"s3\">Ve a Configuraci\u00f3n en el men\u00fa de su navegador.<\/span><\/li>\n<li class=\"li5\"><span class=\"s3\">Haz clic en Mostrar configuraci\u00f3n avanzada.<\/span><\/li>\n<li class=\"li5\"><span class=\"s3\">Haz clic en Eliminar datos de navegaci\u00f3n.<\/span><\/li>\n<li class=\"li5\"><span class=\"s3\">Selecciona el per\u00edodo de tiempo para el que deseas eliminar la informaci\u00f3n en el men\u00fa en la parte superior. Si deseas eliminar todas las cookies en el navegador, haz clic en Desde el origen de los tiempos.<\/span><\/li>\n<li class=\"li5\"><span class=\"s3\">Marca Cookies y otros datos de sitios y complementos.<\/span><\/li>\n<li class=\"li5\"><span class=\"s3\">Haz clic en Borrar datos de navegaci\u00f3n.<\/span><\/li>\n<li class=\"li5\"><span class=\"s3\">Cierra la ventana.<\/span><\/li>\n<\/ol>\n<\/li>\n<li class=\"li5\"><span class=\"s3\">C\u00f3mo evitar que las cookies se almacenen en el navegador web:<\/span><\/li>\n<\/ul>\n<ul class=\"ul1\">\n<li style=\"list-style-type: none;\">\n<ol class=\"ol1\">\n<li class=\"li5\"><span class=\"s3\">Ve a Configuraci\u00f3n en el men\u00fa de tu navegador.<\/span><\/li>\n<li class=\"li5\"><span class=\"s3\">Haz clic en Mostrar configuraci\u00f3n avanzada y despu\u00e9s haz clic en Configuraci\u00f3n de contenido.<\/span><\/li>\n<li class=\"li5\"><span class=\"s3\">En Cookies, selecciona tu opci\u00f3n preferida. Si desea evitar que todas las cookies se almacenen, haga clic en No permitir que se guarden datos de los sitios.<\/span><\/li>\n<li class=\"li5\"><span class=\"s3\">Haz clic en Hecho.<\/span><\/li>\n<li class=\"li8\"><span class=\"s3\">Cierra la ventana.<\/span><\/li>\n<\/ol>\n<\/li>\n<\/ul>\n<p class=\"p7\"><span class=\"s1\">Gesti\u00f3n de cookies en Safari<\/span><\/p>\n<ul class=\"ul1\">\n<li class=\"li5\"><span class=\"s3\">C\u00f3mo eliminar cookies:<\/span>\n<ol class=\"ol1\">\n<li class=\"li5\"><span class=\"s3\">Ir a Preferencias en el men\u00fa de su navegador.<\/span><\/li>\n<li class=\"li5\"><span class=\"s3\">Haz clic en la pesta\u00f1a Privacidad.<\/span><\/li>\n<li class=\"li5\"><span class=\"s3\">Haz clic en Eliminar todos los datos de los sitios web y despu\u00e9s haz clic en Eliminar para eliminar todas las cookies.<\/span><\/li>\n<li class=\"li5\"><span class=\"s3\">Cierra la ventana.<br \/>\n<\/span><\/li>\n<\/ol>\n<\/li>\n<li class=\"li5\"><span class=\"s3\">C\u00f3mo evitar que las cookies se almacenen en su navegador web:<\/span><\/li>\n<\/ul>\n<ul class=\"ul1\">\n<li style=\"list-style-type: none;\">\n<ol class=\"ol1\">\n<li class=\"li5\"><span class=\"s3\">Ir a Preferencias en el men\u00fa de tu navegador<\/span><\/li>\n<li class=\"li5\"><span class=\"s3\">Haz clic en la pesta\u00f1a Privacidad.<\/span><\/li>\n<li class=\"li5\"><span class=\"s3\">En Cookies y datos de sitios web selecciona tu opci\u00f3n preferida. Si deseas evitar que todas las cookies se almacenen, haz clic en Bloquear siempre.<\/span><\/li>\n<li class=\"li8\"><span class=\"s3\">Cierra la ventana.<\/span><\/li>\n<\/ol>\n<\/li>\n<\/ul>\n<p class=\"p7\"><span class=\"s1\">Gesti\u00f3n de cookies en Mozilla Firefox<\/span><\/p>\n<ul class=\"ul1\">\n<li class=\"li5\"><span class=\"s3\">C\u00f3mo eliminar cookies:<\/span>\n<ol class=\"ol1\">\n<li class=\"li5\"><span class=\"s3\">Ir a Opciones en el men\u00fa de su navegador.<\/span><\/li>\n<li class=\"li5\"><span class=\"s3\">Haz clic en la pesta\u00f1a Privacidad.<\/span><\/li>\n<li class=\"li5\"><span class=\"s3\">Haz clic en Mostrar cookies.<\/span><\/li>\n<li class=\"li5\"><span class=\"s3\">Selecciona las cookies que deseas eliminar y haz clic en Eliminar seleccionadas. Haz clic en Eliminar todas si deseas eliminar todas las cookies en tu navegador web.<\/span><\/li>\n<li class=\"li5\"><span class=\"s3\">Cierra la ventana. Cualquier cambio que hayas hecho se guardar\u00e1 autom\u00e1ticamente.<br \/>\n<\/span><\/li>\n<\/ol>\n<\/li>\n<li class=\"li5\"><span class=\"s3\">C\u00f3mo evitar que las cookies se almacenen en tu navegador web:<\/span><\/li>\n<\/ul>\n<ul class=\"ul1\">\n<li style=\"list-style-type: none;\">\n<ol class=\"ol1\">\n<li class=\"li5\"><span class=\"s3\">Ir a Configuraci\u00f3n en el men\u00fa de tu navegador.<\/span><\/li>\n<li class=\"li5\"><span class=\"s3\">Selecciona la pesta\u00f1a Privacidad.<\/span><\/li>\n<li class=\"li5\"><span class=\"s3\">En Historial, haz clic en Usar una configuraci\u00f3n personalizada para el historial.<\/span><\/li>\n<li class=\"li5\"><span class=\"s3\">Selecciona tus opciones preferidas en Permitir cookies de sitios web. Si deseas evitar que todas las cookies se almacenen, desactiva la casilla Aceptar cookies de sitios web.<\/span><\/li>\n<li class=\"li8\"><span class=\"s3\">Cierra la ventana. Cualquier cambio que hayas hecho se guardar\u00e1 autom\u00e1ticamente.<\/span><\/li>\n<\/ol>\n<\/li>\n<\/ul>\n<p class=\"p7\"><span class=\"s1\">Gesti\u00f3n de cookies en Internet Explorer<\/span><\/p>\n<ul class=\"ul1\">\n<li class=\"li5\"><span class=\"s3\">C\u00f3mo eliminar cookies:<\/span>\n<ol class=\"ol1\">\n<li class=\"li5\"><span class=\"s3\">Ir a Herramientas (icono de rueda dentada) en el men\u00fa de tu navegador.<\/span><\/li>\n<li class=\"li5\"><span class=\"s3\">Haz clic en Propiedades de Internet.<\/span><\/li>\n<li class=\"li5\"><span class=\"s3\">En la pesta\u00f1a General - Historial de navegaci\u00f3n, haz clic en Eliminar.<\/span><\/li>\n<li class=\"li5\"><span class=\"s3\">Aseg\u00farate de marcar la opci\u00f3n Cookies y datos de sitios web.<\/span><\/li>\n<li class=\"li5\"><span class=\"s3\">Haz clic en Eliminar.<\/span><\/li>\n<li class=\"li5\"><span class=\"s3\">Haz clic en OK.<br \/>\n<\/span><\/li>\n<\/ol>\n<\/li>\n<li class=\"li5\"><span class=\"s3\">C\u00f3mo evitar que las cookies se almacenen en su navegador web:<\/span><\/li>\n<\/ul>\n<ul class=\"ul1\">\n<li style=\"list-style-type: none;\">\n<ol class=\"ol1\">\n<li class=\"li5\"><span class=\"s3\">Ir a Herramientas (icono de rueda dentada) en el men\u00fa de tu navegador.<\/span><\/li>\n<li class=\"li5\"><span class=\"s3\">Haz clic en Opciones de Internet y despu\u00e9s haz clic en la pesta\u00f1a Privacidad.<\/span><\/li>\n<li class=\"li5\"><span class=\"s3\">Mueve la barra deslizante al nivel deseado. Si deseas evitar que todas las cookies se almacenen, selecciona el nivel Bloquear todas las cookies.<\/span><\/li>\n<li class=\"li8\"><span class=\"s3\">Haz clic en OK.<\/span><\/li>\n<\/ol>\n<\/li>\n<\/ul>\n<p class=\"p7\"><span class=\"s1\">Gesti\u00f3n de cookies en Opera<\/span><\/p>\n<ul class=\"ul1\">\n<li class=\"li5\"><span class=\"s3\">C\u00f3mo eliminar cookies:<\/span>\n<ol class=\"ol1\">\n<li class=\"li5\"><span class=\"s3\">Ir a Configuraci\u00f3n en el men\u00fa de tu navegador.<\/span><\/li>\n<li class=\"li5\"><span class=\"s3\">Selecciona la pesta\u00f1a de Privacidad y Seguridad.<\/span><\/li>\n<li class=\"li5\"><span class=\"s3\">Haz clic en Cookies y despu\u00e9s haz clic en Todas las cookies y datos de sitios web.<\/span><\/li>\n<li class=\"li5\"><span class=\"s3\">Selecciona las cookies que deseas eliminar y haz clic en Eliminar. Haz clic en Eliminar todas si deseas eliminar todas las cookies en tu navegador web.<\/span><\/li>\n<li class=\"li5\"><span class=\"s3\">Haz clic en Hecho.<\/span><\/li>\n<li class=\"li5\"><span class=\"s3\">Cierra la ventana.<br \/>\n<\/span><\/li>\n<\/ol>\n<\/li>\n<li class=\"li5\"><span class=\"s3\">C\u00f3mo evitar que las cookies se almacenen en su navegador web:<\/span><\/li>\n<\/ul>\n<ul class=\"ul1\">\n<li style=\"list-style-type: none;\">\n<ol class=\"ol1\">\n<li class=\"li5\"><span class=\"s3\">Ir a Configuraci\u00f3n en el men\u00fa de tu navegador.<\/span><\/li>\n<li class=\"li5\"><span class=\"s3\">Selecciona la pesta\u00f1a de Privacidad y Seguridad.<\/span><\/li>\n<\/ol>\n<\/li>\n<\/ul>\n<p class=\"p9\"><span class=\"s1\">En Cookies, selecciona tu opci\u00f3n preferida. Si deseas evitar que todas las cookies se almacenen, haz clic en No permitir que se guarden datos de los sitios.<\/span><\/p>\n<ul class=\"ul1\">\n<li style=\"list-style-type: none;\">\n<ol class=\"ol1\">\n<li class=\"li5\"><span class=\"s3\">Cierra la ventana.<\/span><\/li>\n<\/ol>\n<\/li>\n<\/ul>\n<p>&nbsp;<\/p>\n<p class=\"p7\"><strong><span class=\"s1\">Informaci\u00f3n de contacto<\/span><\/strong><\/p>\n<p class=\"p3\"><span class=\"s1\">Para mayor transparencia, si tiene alguna pregunta relativa al uso del almacenamiento local de nuestro sitio web, p\u00f3ngase en contacto con nosotros en\u00a0<b>baldufa@labaldufateatre.com<\/b>, indicando en el asunto \"Pol\u00edtica de cookies\u201d<\/span><\/p>\n","protected":false},"excerpt":{"rendered":"<p>Informaci\u00f3n General de las cookies La confianza del usuario es importante para nosotros, y por consiguiente, en\u00a0COMPANYIA DE COMEDIANTS LA...<\/p>\n","protected":false},"author":1,"featured_media":0,"parent":0,"menu_order":0,"comment_status":"closed","ping_status":"closed","template":"","meta":{"_acf_changed":false,"inline_featured_image":false,"footnotes":""},"class_list":["post-502","page","type-page","status-publish","hentry"],"acf":[],"yoast_head":"<!-- This site is optimized with the Yoast SEO plugin v27.4 - https:\/\/yoast.com\/product\/yoast-seo-wordpress\/ -->\n<title>Politique de Cookie - La Baldufa Teatre<\/title>\n<meta name=\"robots\" content=\"noindex, follow\" \/>\n<meta property=\"og:locale\" content=\"fr_FR\" \/>\n<meta property=\"og:type\" content=\"article\" \/>\n<meta property=\"og:title\" content=\"Politique de Cookie - La Baldufa Teatre\" \/>\n<meta property=\"og:description\" content=\"Informaci\u00f3n General de las cookies La confianza del usuario es importante para nosotros, y por consiguiente, en\u00a0COMPANYIA DE COMEDIANTS LA...\" \/>\n<meta property=\"og:url\" content=\"https:\/\/www.labaldufateatre.com\/fr\/politique-de-cookie\/\" \/>\n<meta property=\"og:site_name\" content=\"La Baldufa Teatre\" \/>\n<meta property=\"article:publisher\" content=\"http:\/\/www.facebook.com\/pages\/Companyia-de-Comediants-La-Baldufa\/94606450908\" \/>\n<meta property=\"article:modified_time\" content=\"2019-02-09T08:22:13+00:00\" \/>\n<meta name=\"twitter:card\" content=\"summary_large_image\" \/>\n<meta name=\"twitter:site\" content=\"@BaldufaTeatre\" \/>\n<meta name=\"twitter:label1\" content=\"Dur\u00e9e de lecture estim\u00e9e\" \/>\n\t<meta name=\"twitter:data1\" content=\"8 minutes\" \/>\n<script type=\"application\/ld+json\" class=\"yoast-schema-graph\">{\"@context\":\"https:\\\/\\\/schema.org\",\"@graph\":[{\"@type\":\"WebPage\",\"@id\":\"https:\\\/\\\/www.labaldufateatre.com\\\/fr\\\/politique-de-cookie\\\/\",\"url\":\"https:\\\/\\\/www.labaldufateatre.com\\\/fr\\\/politique-de-cookie\\\/\",\"name\":\"Politique de Cookie - La Baldufa Teatre\",\"isPartOf\":{\"@id\":\"https:\\\/\\\/www.labaldufateatre.com\\\/fr\\\/#website\"},\"datePublished\":\"2018-11-16T18:35:32+00:00\",\"dateModified\":\"2019-02-09T08:22:13+00:00\",\"breadcrumb\":{\"@id\":\"https:\\\/\\\/www.labaldufateatre.com\\\/fr\\\/politique-de-cookie\\\/#breadcrumb\"},\"inLanguage\":\"fr-FR\",\"potentialAction\":[{\"@type\":\"ReadAction\",\"target\":[\"https:\\\/\\\/www.labaldufateatre.com\\\/fr\\\/politique-de-cookie\\\/\"]}]},{\"@type\":\"BreadcrumbList\",\"@id\":\"https:\\\/\\\/www.labaldufateatre.com\\\/fr\\\/politique-de-cookie\\\/#breadcrumb\",\"itemListElement\":[{\"@type\":\"ListItem\",\"position\":1,\"name\":\"Portada\",\"item\":\"https:\\\/\\\/www.labaldufateatre.com\\\/fr\\\/\"},{\"@type\":\"ListItem\",\"position\":2,\"name\":\"Politique de Cookie\"}]},{\"@type\":\"WebSite\",\"@id\":\"https:\\\/\\\/www.labaldufateatre.com\\\/fr\\\/#website\",\"url\":\"https:\\\/\\\/www.labaldufateatre.com\\\/fr\\\/\",\"name\":\"La Baldufa Teatre\",\"description\":\"Companyia de Comediants\",\"potentialAction\":[{\"@type\":\"SearchAction\",\"target\":{\"@type\":\"EntryPoint\",\"urlTemplate\":\"https:\\\/\\\/www.labaldufateatre.com\\\/fr\\\/?s={search_term_string}\"},\"query-input\":{\"@type\":\"PropertyValueSpecification\",\"valueRequired\":true,\"valueName\":\"search_term_string\"}}],\"inLanguage\":\"fr-FR\"}]}<\/script>\n<!-- \/ Yoast SEO plugin. -->","yoast_head_json":{"title":"Politique de Cookie - La Baldufa Teatre","robots":{"index":"noindex","follow":"follow"},"og_locale":"fr_FR","og_type":"article","og_title":"Politique de Cookie - La Baldufa Teatre","og_description":"Informaci\u00f3n General de las cookies La confianza del usuario es importante para nosotros, y por consiguiente, en\u00a0COMPANYIA DE COMEDIANTS LA...","og_url":"https:\/\/www.labaldufateatre.com\/fr\/politique-de-cookie\/","og_site_name":"La Baldufa Teatre","article_publisher":"http:\/\/www.facebook.com\/pages\/Companyia-de-Comediants-La-Baldufa\/94606450908","article_modified_time":"2019-02-09T08:22:13+00:00","twitter_card":"summary_large_image","twitter_site":"@BaldufaTeatre","twitter_misc":{"Dur\u00e9e de lecture estim\u00e9e":"8 minutes"},"schema":{"@context":"https:\/\/schema.org","@graph":[{"@type":"WebPage","@id":"https:\/\/www.labaldufateatre.com\/fr\/politique-de-cookie\/","url":"https:\/\/www.labaldufateatre.com\/fr\/politique-de-cookie\/","name":"Politique de Cookie - La Baldufa Teatre","isPartOf":{"@id":"https:\/\/www.labaldufateatre.com\/fr\/#website"},"datePublished":"2018-11-16T18:35:32+00:00","dateModified":"2019-02-09T08:22:13+00:00","breadcrumb":{"@id":"https:\/\/www.labaldufateatre.com\/fr\/politique-de-cookie\/#breadcrumb"},"inLanguage":"fr-FR","potentialAction":[{"@type":"ReadAction","target":["https:\/\/www.labaldufateatre.com\/fr\/politique-de-cookie\/"]}]},{"@type":"BreadcrumbList","@id":"https:\/\/www.labaldufateatre.com\/fr\/politique-de-cookie\/#breadcrumb","itemListElement":[{"@type":"ListItem","position":1,"name":"Portada","item":"https:\/\/www.labaldufateatre.com\/fr\/"},{"@type":"ListItem","position":2,"name":"Politique de Cookie"}]},{"@type":"WebSite","@id":"https:\/\/www.labaldufateatre.com\/fr\/#website","url":"https:\/\/www.labaldufateatre.com\/fr\/","name":"La Baldufa Teatre","description":"Companyia de Comediants","potentialAction":[{"@type":"SearchAction","target":{"@type":"EntryPoint","urlTemplate":"https:\/\/www.labaldufateatre.com\/fr\/?s={search_term_string}"},"query-input":{"@type":"PropertyValueSpecification","valueRequired":true,"valueName":"search_term_string"}}],"inLanguage":"fr-FR"}]}},"_links":{"self":[{"href":"https:\/\/www.labaldufateatre.com\/fr\/wp-json\/wp\/v2\/pages\/502","targetHints":{"allow":["GET"]}}],"collection":[{"href":"https:\/\/www.labaldufateatre.com\/fr\/wp-json\/wp\/v2\/pages"}],"about":[{"href":"https:\/\/www.labaldufateatre.com\/fr\/wp-json\/wp\/v2\/types\/page"}],"author":[{"embeddable":true,"href":"https:\/\/www.labaldufateatre.com\/fr\/wp-json\/wp\/v2\/users\/1"}],"replies":[{"embeddable":true,"href":"https:\/\/www.labaldufateatre.com\/fr\/wp-json\/wp\/v2\/comments?post=502"}],"version-history":[{"count":6,"href":"https:\/\/www.labaldufateatre.com\/fr\/wp-json\/wp\/v2\/pages\/502\/revisions"}],"predecessor-version":[{"id":917,"href":"https:\/\/www.labaldufateatre.com\/fr\/wp-json\/wp\/v2\/pages\/502\/revisions\/917"}],"wp:attachment":[{"href":"https:\/\/www.labaldufateatre.com\/fr\/wp-json\/wp\/v2\/media?parent=502"}],"curies":[{"name":"wp","href":"https:\/\/api.w.org\/{rel}","templated":true}]}}